{"id":1901,"date":"2024-01-31T14:34:41","date_gmt":"2024-01-31T07:34:41","guid":{"rendered":"https:\/\/cabinet.htxthubon.com\/?page_id=1901"},"modified":"2024-03-26T11:33:50","modified_gmt":"2024-03-26T04:33:50","slug":"hinh-anh","status":"publish","type":"page","link":"https:\/\/leveninspa.com\/vi\/hinh-anh\/","title":{"rendered":"H\u00ecnh \u1ea3nh"},"content":{"rendered":"\n\t<section class=\"section\" id=\"section_635303663\">\n\t\t<div class=\"section-bg fill\" >\n\t\t\t\t\t\t\t\t\t\n\t\t\t\n\n\t\t<\/div>\n\n\t\t\n\n\t\t<div class=\"section-content relative\">\n\t\t\t\n<div class=\"container section-title-container\" ><h2 class=\"section-title section-title-center\"><b><\/b><span class=\"section-title-main\" style=\"color:rgb(95, 45, 0);\">PHOTO GALLERY<\/span><b><\/b><\/h2><\/div>\n\n  \n    <div class=\"row large-columns-4 medium-columns-3 small-columns-2\" >\n  <div class=\"gallery-col col\" >\n          <div class=\"col-inner\">\n            <a class=\"image-lightbox lightbox-gallery\" href=\"https:\/\/leveninspa.com\/vi\/wp-content\/uploads\/2024\/03\/levenin-spa-son-tra-da-nang-7.jpg\" title=\"\">            <div class=\"box has-hover gallery-box box-none\">\n              <div class=\"box-image box-shadow-1 image-cover\" style=\"padding-top:100%;\">\n                <img loading=\"lazy\" decoding=\"async\" width=\"599\" height=\"400\" src=\"https:\/\/leveninspa.com\/vi\/wp-content\/uploads\/2024\/03\/levenin-spa-son-tra-da-nang-7-599x400.jpg\" class=\"attachment-medium size-medium\" alt=\"Levenin Spa S\u01a1n Tr\u00e0 \u0110\u00e0 N\u1eb5ng\" ids=\"3400,3399,3398,3397,3396,3395,3394\" style=\"none\" lightbox_image_size=\"original\" depth=\"1\" image_height=\"100%\" srcset=\"https:\/\/leveninspa.com\/vi\/wp-content\/uploads\/2024\/03\/levenin-spa-son-tra-da-nang-7-599x400.jpg 599w, https:\/\/leveninspa.com\/vi\/wp-content\/uploads\/2024\/03\/levenin-spa-son-tra-da-nang-7-768x513.jpg 768w, https:\/\/leveninspa.com\/vi\/wp-content\/uploads\/2024\/03\/levenin-spa-son-tra-da-nang-7.jpg 960w\" sizes=\"(max-width: 599px) 100vw, 599px\" \/>                                                              <\/div>\n              <div class=\"box-text text-left\" >\n                 <p><\/p>\n              <\/div>\n            <\/div>\n            <\/a>          <\/div>\n         <\/div><div class=\"gallery-col col\" >\n          <div class=\"col-inner\">\n            <a class=\"image-lightbox lightbox-gallery\" href=\"https:\/\/leveninspa.com\/vi\/wp-content\/uploads\/2024\/03\/levenin-spa-son-tra-da-nang-6.jpg\" title=\"\">            <div class=\"box has-hover gallery-box box-none\">\n              <div class=\"box-image box-shadow-1 image-cover\" style=\"padding-top:100%;\">\n                <img loading=\"lazy\" decoding=\"async\" width=\"599\" height=\"400\" src=\"https:\/\/leveninspa.com\/vi\/wp-content\/uploads\/2024\/03\/levenin-spa-son-tra-da-nang-6-599x400.jpg\" class=\"attachment-medium size-medium\" alt=\"Levenin Spa S\u01a1n Tr\u00e0 \u0110\u00e0 N\u1eb5ng\" ids=\"3400,3399,3398,3397,3396,3395,3394\" style=\"none\" lightbox_image_size=\"original\" depth=\"1\" image_height=\"100%\" srcset=\"https:\/\/leveninspa.com\/vi\/wp-content\/uploads\/2024\/03\/levenin-spa-son-tra-da-nang-6-599x400.jpg 599w, https:\/\/leveninspa.com\/vi\/wp-content\/uploads\/2024\/03\/levenin-spa-son-tra-da-nang-6-768x513.jpg 768w, https:\/\/leveninspa.com\/vi\/wp-content\/uploads\/2024\/03\/levenin-spa-son-tra-da-nang-6.jpg 960w\" sizes=\"(max-width: 599px) 100vw, 599px\" \/>                                                              <\/div>\n              <div class=\"box-text text-left\" >\n                 <p><\/p>\n              <\/div>\n            <\/div>\n            <\/a>          <\/div>\n         <\/div><div class=\"gallery-col col\" >\n          <div class=\"col-inner\">\n            <a class=\"image-lightbox lightbox-gallery\" href=\"https:\/\/leveninspa.com\/vi\/wp-content\/uploads\/2024\/03\/levenin-spa-son-tra-da-nang-5.jpg\" title=\"\">            <div class=\"box has-hover gallery-box box-none\">\n              <div class=\"box-image box-shadow-1 image-cover\" style=\"padding-top:100%;\">\n                <img loading=\"lazy\" decoding=\"async\" width=\"267\" height=\"400\" src=\"https:\/\/leveninspa.com\/vi\/wp-content\/uploads\/2024\/03\/levenin-spa-son-tra-da-nang-5-267x400.jpg\" class=\"attachment-medium size-medium\" alt=\"Levenin Spa S\u01a1n Tr\u00e0 \u0110\u00e0 N\u1eb5ng\" ids=\"3400,3399,3398,3397,3396,3395,3394\" style=\"none\" lightbox_image_size=\"original\" depth=\"1\" image_height=\"100%\" srcset=\"https:\/\/leveninspa.com\/vi\/wp-content\/uploads\/2024\/03\/levenin-spa-son-tra-da-nang-5-267x400.jpg 267w, https:\/\/leveninspa.com\/vi\/wp-content\/uploads\/2024\/03\/levenin-spa-son-tra-da-nang-5.jpg 427w\" sizes=\"(max-width: 267px) 100vw, 267px\" \/>                                                              <\/div>\n              <div class=\"box-text text-left\" >\n                 <p><\/p>\n              <\/div>\n            <\/div>\n            <\/a>          <\/div>\n         <\/div><div class=\"gallery-col col\" >\n          <div class=\"col-inner\">\n            <a class=\"image-lightbox lightbox-gallery\" href=\"https:\/\/leveninspa.com\/vi\/wp-content\/uploads\/2024\/03\/levenin-spa-son-tra-da-nang-4.jpg\" title=\"\">            <div class=\"box has-hover gallery-box box-none\">\n              <div class=\"box-image box-shadow-1 image-cover\" style=\"padding-top:100%;\">\n                <img loading=\"lazy\" decoding=\"async\" width=\"599\" height=\"400\" src=\"https:\/\/leveninspa.com\/vi\/wp-content\/uploads\/2024\/03\/levenin-spa-son-tra-da-nang-4-599x400.jpg\" class=\"attachment-medium size-medium\" alt=\"Levenin Spa S\u01a1n Tr\u00e0 \u0110\u00e0 N\u1eb5ng\" ids=\"3400,3399,3398,3397,3396,3395,3394\" style=\"none\" lightbox_image_size=\"original\" depth=\"1\" image_height=\"100%\" srcset=\"https:\/\/leveninspa.com\/vi\/wp-content\/uploads\/2024\/03\/levenin-spa-son-tra-da-nang-4-599x400.jpg 599w, https:\/\/leveninspa.com\/vi\/wp-content\/uploads\/2024\/03\/levenin-spa-son-tra-da-nang-4-768x513.jpg 768w, https:\/\/leveninspa.com\/vi\/wp-content\/uploads\/2024\/03\/levenin-spa-son-tra-da-nang-4.jpg 960w\" sizes=\"(max-width: 599px) 100vw, 599px\" \/>                                                              <\/div>\n              <div class=\"box-text text-left\" >\n                 <p><\/p>\n              <\/div>\n            <\/div>\n            <\/a>          <\/div>\n         <\/div><div class=\"gallery-col col\" >\n          <div class=\"col-inner\">\n            <a class=\"image-lightbox lightbox-gallery\" href=\"https:\/\/leveninspa.com\/vi\/wp-content\/uploads\/2024\/03\/levenin-spa-son-tra-da-nang-3.jpg\" title=\"\">            <div class=\"box has-hover gallery-box box-none\">\n              <div class=\"box-image box-shadow-1 image-cover\" style=\"padding-top:100%;\">\n                <img loading=\"lazy\" decoding=\"async\" width=\"599\" height=\"400\" src=\"https:\/\/leveninspa.com\/vi\/wp-content\/uploads\/2024\/03\/levenin-spa-son-tra-da-nang-3-599x400.jpg\" class=\"attachment-medium size-medium\" alt=\"Levenin Spa S\u01a1n Tr\u00e0 \u0110\u00e0 N\u1eb5ng\" ids=\"3400,3399,3398,3397,3396,3395,3394\" style=\"none\" lightbox_image_size=\"original\" depth=\"1\" image_height=\"100%\" srcset=\"https:\/\/leveninspa.com\/vi\/wp-content\/uploads\/2024\/03\/levenin-spa-son-tra-da-nang-3-599x400.jpg 599w, https:\/\/leveninspa.com\/vi\/wp-content\/uploads\/2024\/03\/levenin-spa-son-tra-da-nang-3-768x513.jpg 768w, https:\/\/leveninspa.com\/vi\/wp-content\/uploads\/2024\/03\/levenin-spa-son-tra-da-nang-3.jpg 960w\" sizes=\"(max-width: 599px) 100vw, 599px\" \/>                                                              <\/div>\n              <div class=\"box-text text-left\" >\n                 <p><\/p>\n              <\/div>\n            <\/div>\n            <\/a>          <\/div>\n         <\/div><div class=\"gallery-col col\" >\n          <div class=\"col-inner\">\n            <a class=\"image-lightbox lightbox-gallery\" href=\"https:\/\/leveninspa.com\/vi\/wp-content\/uploads\/2024\/03\/levenin-spa-son-tra-da-nang-2.jpg\" title=\"\">            <div class=\"box has-hover gallery-box box-none\">\n              <div class=\"box-image box-shadow-1 image-cover\" style=\"padding-top:100%;\">\n                <img loading=\"lazy\" decoding=\"async\" width=\"599\" height=\"400\" src=\"https:\/\/leveninspa.com\/vi\/wp-content\/uploads\/2024\/03\/levenin-spa-son-tra-da-nang-2-599x400.jpg\" class=\"attachment-medium size-medium\" alt=\"Levenin Spa S\u01a1n Tr\u00e0 \u0110\u00e0 N\u1eb5ng\" ids=\"3400,3399,3398,3397,3396,3395,3394\" style=\"none\" lightbox_image_size=\"original\" depth=\"1\" image_height=\"100%\" srcset=\"https:\/\/leveninspa.com\/vi\/wp-content\/uploads\/2024\/03\/levenin-spa-son-tra-da-nang-2-599x400.jpg 599w, https:\/\/leveninspa.com\/vi\/wp-content\/uploads\/2024\/03\/levenin-spa-son-tra-da-nang-2-768x513.jpg 768w, https:\/\/leveninspa.com\/vi\/wp-content\/uploads\/2024\/03\/levenin-spa-son-tra-da-nang-2.jpg 960w\" sizes=\"(max-width: 599px) 100vw, 599px\" \/>                                                              <\/div>\n              <div class=\"box-text text-left\" >\n                 <p><\/p>\n              <\/div>\n            <\/div>\n            <\/a>          <\/div>\n         <\/div><div class=\"gallery-col col\" >\n          <div class=\"col-inner\">\n            <a class=\"image-lightbox lightbox-gallery\" href=\"https:\/\/leveninspa.com\/vi\/wp-content\/uploads\/2024\/03\/levenin-spa-son-tra-da-nang.jpg\" title=\"\">            <div class=\"box has-hover gallery-box box-none\">\n              <div class=\"box-image box-shadow-1 image-cover\" style=\"padding-top:100%;\">\n                <img loading=\"lazy\" decoding=\"async\" width=\"599\" height=\"400\" src=\"https:\/\/leveninspa.com\/vi\/wp-content\/uploads\/2024\/03\/levenin-spa-son-tra-da-nang-599x400.jpg\" class=\"attachment-medium size-medium\" alt=\"Levenin Spa S\u01a1n Tr\u00e0 \u0110\u00e0 N\u1eb5ng\" ids=\"3400,3399,3398,3397,3396,3395,3394\" style=\"none\" lightbox_image_size=\"original\" depth=\"1\" image_height=\"100%\" srcset=\"https:\/\/leveninspa.com\/vi\/wp-content\/uploads\/2024\/03\/levenin-spa-son-tra-da-nang-599x400.jpg 599w, https:\/\/leveninspa.com\/vi\/wp-content\/uploads\/2024\/03\/levenin-spa-son-tra-da-nang-768x513.jpg 768w, https:\/\/leveninspa.com\/vi\/wp-content\/uploads\/2024\/03\/levenin-spa-son-tra-da-nang.jpg 960w\" sizes=\"(max-width: 599px) 100vw, 599px\" \/>                                                              <\/div>\n              <div class=\"box-text text-left\" >\n                 <p><\/p>\n              <\/div>\n            <\/div>\n            <\/a>          <\/div>\n         <\/div><\/div>\n\t\t<\/div>\n\n\t\t\n<style>\n#section_635303663 {\n  padding-top: 30px;\n  padding-bottom: 30px;\n}\n<\/style>\n\t<\/section>\n\t\n\n\n<div class=\"kk-star-ratings kksr-auto kksr-align-left kksr-valign-bottom\"\n    data-payload='{&quot;align&quot;:&quot;left&quot;,&quot;id&quot;:&quot;1901&quot;,&quot;slug&quot;:&quot;default&quot;,&quot;valign&quot;:&quot;bottom&quot;,&quot;ignore&quot;:&quot;&quot;,&quot;reference&quot;:&quot;auto&quot;,&quot;class&quot;:&quot;&quot;,&quot;count&quot;:&quot;0&quot;,&quot;legendonly&quot;:&quot;&quot;,&quot;readonly&quot;:&quot;&quot;,&quot;score&quot;:&quot;0&quot;,&quot;starsonly&quot;:&quot;&quot;,&quot;best&quot;:&quot;5&quot;,&quot;gap&quot;:&quot;5&quot;,&quot;greet&quot;:&quot;Rate this page&quot;,&quot;legend&quot;:&quot;0\\\/5 - (0 b\u00ecnh ch\u1ecdn)&quot;,&quot;size&quot;:&quot;24&quot;,&quot;title&quot;:&quot;H\u00ecnh \u1ea3nh&quot;,&quot;width&quot;:&quot;0&quot;,&quot;_legend&quot;:&quot;{score}\\\/{best} - ({count} {votes})&quot;,&quot;font_factor&quot;:&quot;1.25&quot;}'>\n            \n<div class=\"kksr-stars\">\n    \n<div class=\"kksr-stars-inactive\">\n            <div class=\"kksr-star\" data-star=\"1\" style=\"padding-right: 5px\">\n            \n\n<div class=\"kksr-icon\" style=\"width: 24px; height: 24px;\"><\/div>\n        <\/div>\n            <div class=\"kksr-star\" data-star=\"2\" style=\"padding-right: 5px\">\n            \n\n<div class=\"kksr-icon\" style=\"width: 24px; height: 24px;\"><\/div>\n        <\/div>\n            <div class=\"kksr-star\" data-star=\"3\" style=\"padding-right: 5px\">\n            \n\n<div class=\"kksr-icon\" style=\"width: 24px; height: 24px;\"><\/div>\n        <\/div>\n            <div class=\"kksr-star\" data-star=\"4\" style=\"padding-right: 5px\">\n            \n\n<div class=\"kksr-icon\" style=\"width: 24px; height: 24px;\"><\/div>\n        <\/div>\n            <div class=\"kksr-star\" data-star=\"5\" style=\"padding-right: 5px\">\n            \n\n<div class=\"kksr-icon\" style=\"width: 24px; height: 24px;\"><\/div>\n        <\/div>\n    <\/div>\n    \n<div class=\"kksr-stars-active\" style=\"width: 0px;\">\n            <div class=\"kksr-star\" style=\"padding-right: 5px\">\n            \n\n<div class=\"kksr-icon\" style=\"width: 24px; height: 24px;\"><\/div>\n        <\/div>\n            <div class=\"kksr-star\" style=\"padding-right: 5px\">\n            \n\n<div class=\"kksr-icon\" style=\"width: 24px; height: 24px;\"><\/div>\n        <\/div>\n            <div class=\"kksr-star\" style=\"padding-right: 5px\">\n            \n\n<div class=\"kksr-icon\" style=\"width: 24px; height: 24px;\"><\/div>\n        <\/div>\n            <div class=\"kksr-star\" style=\"padding-right: 5px\">\n            \n\n<div class=\"kksr-icon\" style=\"width: 24px; height: 24px;\"><\/div>\n        <\/div>\n            <div class=\"kksr-star\" style=\"padding-right: 5px\">\n            \n\n<div class=\"kksr-icon\" style=\"width: 24px; height: 24px;\"><\/div>\n        <\/div>\n    <\/div>\n<\/div>\n                \n\n<div class=\"kksr-legend\" style=\"font-size: 19.2px;\">\n            <span class=\"kksr-muted\">Rate this page<\/span>\n    <\/div>\n    <\/div>\n","protected":false},"excerpt":{"rendered":"","protected":false},"author":1,"featured_media":0,"parent":0,"menu_order":0,"comment_status":"closed","ping_status":"closed","template":"page-blank.php","meta":{"footnotes":""},"class_list":["post-1901","page","type-page","status-publish","hentry"],"yoast_head":"<!-- This site is optimized with the Yoast SEO plugin v23.0 - https:\/\/yoast.com\/wordpress\/plugins\/seo\/ -->\n<title>H\u00ecnh \u1ea3nh - Lev\u00e9nin Spa \u0110\u00e0 N\u1eb5ng<\/title>\n<meta name=\"robots\" content=\"index, follow, max-snippet:-1, max-image-preview:large, max-video-preview:-1\" \/>\n<link rel=\"canonical\" href=\"https:\/\/leveninspa.com\/vi\/hinh-anh\/\" \/>\n<meta property=\"og:locale\" content=\"vi_VN\" \/>\n<meta property=\"og:type\" content=\"article\" \/>\n<meta property=\"og:title\" content=\"H\u00ecnh \u1ea3nh - Lev\u00e9nin Spa \u0110\u00e0 N\u1eb5ng\" \/>\n<meta property=\"og:url\" content=\"https:\/\/leveninspa.com\/vi\/hinh-anh\/\" \/>\n<meta property=\"og:site_name\" content=\"Lev\u00e9nin Spa \u0110\u00e0 N\u1eb5ng\" \/>\n<meta property=\"article:modified_time\" content=\"2024-03-26T04:33:50+00:00\" \/>\n<meta property=\"og:image\" content=\"https:\/\/leveninspa.com\/vi\/wp-content\/uploads\/2024\/01\/logo-300.png\" \/>\n\t<meta property=\"og:image:width\" content=\"300\" \/>\n\t<meta property=\"og:image:height\" content=\"62\" \/>\n\t<meta property=\"og:image:type\" content=\"image\/png\" \/>\n<meta name=\"twitter:card\" content=\"summary_large_image\" \/>\n<script type=\"application\/ld+json\" class=\"yoast-schema-graph\">{\"@context\":\"https:\/\/schema.org\",\"@graph\":[{\"@type\":\"WebPage\",\"@id\":\"https:\/\/leveninspa.com\/vi\/hinh-anh\/\",\"url\":\"https:\/\/leveninspa.com\/vi\/hinh-anh\/\",\"name\":\"H\u00ecnh \u1ea3nh - Lev\u00e9nin Spa \u0110\u00e0 N\u1eb5ng\",\"isPartOf\":{\"@id\":\"https:\/\/leveninspa.com\/vi\/#website\"},\"datePublished\":\"2024-01-31T07:34:41+00:00\",\"dateModified\":\"2024-03-26T04:33:50+00:00\",\"breadcrumb\":{\"@id\":\"https:\/\/leveninspa.com\/vi\/hinh-anh\/#breadcrumb\"},\"inLanguage\":\"vi\",\"potentialAction\":[{\"@type\":\"ReadAction\",\"target\":[\"https:\/\/leveninspa.com\/vi\/hinh-anh\/\"]}]},{\"@type\":\"BreadcrumbList\",\"@id\":\"https:\/\/leveninspa.com\/vi\/hinh-anh\/#breadcrumb\",\"itemListElement\":[{\"@type\":\"ListItem\",\"position\":1,\"name\":\"Home\",\"item\":\"https:\/\/leveninspa.com\/vi\/\"},{\"@type\":\"ListItem\",\"position\":2,\"name\":\"H\u00ecnh \u1ea3nh\"}]},{\"@type\":\"WebSite\",\"@id\":\"https:\/\/leveninspa.com\/vi\/#website\",\"url\":\"https:\/\/leveninspa.com\/vi\/\",\"name\":\"Lev\u00e9nin Spa \u0110\u00e0 N\u1eb5ng\",\"description\":\"Lev\u00e9nin Spa \u0110\u00e0 N\u1eb5ng\",\"publisher\":{\"@id\":\"https:\/\/leveninspa.com\/vi\/#\/schema\/person\/4ebe4a837f75c2af8945f351036f07e8\"},\"potentialAction\":[{\"@type\":\"SearchAction\",\"target\":{\"@type\":\"EntryPoint\",\"urlTemplate\":\"https:\/\/leveninspa.com\/vi\/?s={search_term_string}\"},\"query-input\":\"required name=search_term_string\"}],\"inLanguage\":\"vi\"},{\"@type\":[\"Person\",\"Organization\"],\"@id\":\"https:\/\/leveninspa.com\/vi\/#\/schema\/person\/4ebe4a837f75c2af8945f351036f07e8\",\"name\":\"Levenin Spa\",\"image\":{\"@type\":\"ImageObject\",\"inLanguage\":\"vi\",\"@id\":\"https:\/\/leveninspa.com\/vi\/#\/schema\/person\/image\/\",\"url\":\"https:\/\/leveninspa.com\/vi\/wp-content\/uploads\/2024\/01\/logo-300.png\",\"contentUrl\":\"https:\/\/leveninspa.com\/vi\/wp-content\/uploads\/2024\/01\/logo-300.png\",\"width\":300,\"height\":62,\"caption\":\"Levenin Spa\"},\"logo\":{\"@id\":\"https:\/\/leveninspa.com\/vi\/#\/schema\/person\/image\/\"}}]}<\/script>\n<!-- \/ Yoast SEO plugin. -->","yoast_head_json":{"title":"H\u00ecnh \u1ea3nh - Lev\u00e9nin Spa \u0110\u00e0 N\u1eb5ng","robots":{"index":"index","follow":"follow","max-snippet":"max-snippet:-1","max-image-preview":"max-image-preview:large","max-video-preview":"max-video-preview:-1"},"canonical":"https:\/\/leveninspa.com\/vi\/hinh-anh\/","og_locale":"vi_VN","og_type":"article","og_title":"H\u00ecnh \u1ea3nh - Lev\u00e9nin Spa \u0110\u00e0 N\u1eb5ng","og_url":"https:\/\/leveninspa.com\/vi\/hinh-anh\/","og_site_name":"Lev\u00e9nin Spa \u0110\u00e0 N\u1eb5ng","article_modified_time":"2024-03-26T04:33:50+00:00","og_image":[{"width":300,"height":62,"url":"https:\/\/leveninspa.com\/vi\/wp-content\/uploads\/2024\/01\/logo-300.png","type":"image\/png"}],"twitter_card":"summary_large_image","schema":{"@context":"https:\/\/schema.org","@graph":[{"@type":"WebPage","@id":"https:\/\/leveninspa.com\/vi\/hinh-anh\/","url":"https:\/\/leveninspa.com\/vi\/hinh-anh\/","name":"H\u00ecnh \u1ea3nh - Lev\u00e9nin Spa \u0110\u00e0 N\u1eb5ng","isPartOf":{"@id":"https:\/\/leveninspa.com\/vi\/#website"},"datePublished":"2024-01-31T07:34:41+00:00","dateModified":"2024-03-26T04:33:50+00:00","breadcrumb":{"@id":"https:\/\/leveninspa.com\/vi\/hinh-anh\/#breadcrumb"},"inLanguage":"vi","potentialAction":[{"@type":"ReadAction","target":["https:\/\/leveninspa.com\/vi\/hinh-anh\/"]}]},{"@type":"BreadcrumbList","@id":"https:\/\/leveninspa.com\/vi\/hinh-anh\/#breadcrumb","itemListElement":[{"@type":"ListItem","position":1,"name":"Home","item":"https:\/\/leveninspa.com\/vi\/"},{"@type":"ListItem","position":2,"name":"H\u00ecnh \u1ea3nh"}]},{"@type":"WebSite","@id":"https:\/\/leveninspa.com\/vi\/#website","url":"https:\/\/leveninspa.com\/vi\/","name":"Lev\u00e9nin Spa \u0110\u00e0 N\u1eb5ng","description":"Lev\u00e9nin Spa \u0110\u00e0 N\u1eb5ng","publisher":{"@id":"https:\/\/leveninspa.com\/vi\/#\/schema\/person\/4ebe4a837f75c2af8945f351036f07e8"},"potentialAction":[{"@type":"SearchAction","target":{"@type":"EntryPoint","urlTemplate":"https:\/\/leveninspa.com\/vi\/?s={search_term_string}"},"query-input":"required name=search_term_string"}],"inLanguage":"vi"},{"@type":["Person","Organization"],"@id":"https:\/\/leveninspa.com\/vi\/#\/schema\/person\/4ebe4a837f75c2af8945f351036f07e8","name":"Levenin Spa","image":{"@type":"ImageObject","inLanguage":"vi","@id":"https:\/\/leveninspa.com\/vi\/#\/schema\/person\/image\/","url":"https:\/\/leveninspa.com\/vi\/wp-content\/uploads\/2024\/01\/logo-300.png","contentUrl":"https:\/\/leveninspa.com\/vi\/wp-content\/uploads\/2024\/01\/logo-300.png","width":300,"height":62,"caption":"Levenin Spa"},"logo":{"@id":"https:\/\/leveninspa.com\/vi\/#\/schema\/person\/image\/"}}]}},"_links":{"self":[{"href":"https:\/\/leveninspa.com\/vi\/wp-json\/wp\/v2\/pages\/1901"}],"collection":[{"href":"https:\/\/leveninspa.com\/vi\/wp-json\/wp\/v2\/pages"}],"about":[{"href":"https:\/\/leveninspa.com\/vi\/wp-json\/wp\/v2\/types\/page"}],"author":[{"embeddable":true,"href":"https:\/\/leveninspa.com\/vi\/wp-json\/wp\/v2\/users\/1"}],"replies":[{"embeddable":true,"href":"https:\/\/leveninspa.com\/vi\/wp-json\/wp\/v2\/comments?post=1901"}],"version-history":[{"count":0,"href":"https:\/\/leveninspa.com\/vi\/wp-json\/wp\/v2\/pages\/1901\/revisions"}],"wp:attachment":[{"href":"https:\/\/leveninspa.com\/vi\/wp-json\/wp\/v2\/media?parent=1901"}],"curies":[{"name":"wp","href":"https:\/\/api.w.org\/{rel}","templated":true}]}}