{"id":2084,"date":"2024-01-31T14:34:41","date_gmt":"2024-01-31T07:34:41","guid":{"rendered":"https:\/\/leveninspa.com\/?page_id=2084"},"modified":"2024-03-25T16:59:23","modified_gmt":"2024-03-25T09:59:23","slug":"bang-gia-levenin-spa","status":"publish","type":"page","link":"https:\/\/leveninspa.com\/vi\/bang-gia-levenin-spa\/","title":{"rendered":"B\u1ea3ng gi\u00e1"},"content":{"rendered":"<div class=\"slider-wrapper relative\" id=\"slider-1457731956\" >\n    <div class=\"slider slider-nav-circle slider-nav-large slider-nav-light slider-style-normal\"\n        data-flickity-options='{\n            \"cellAlign\": \"center\",\n            \"imagesLoaded\": true,\n            \"lazyLoad\": 1,\n            \"freeScroll\": false,\n            \"wrapAround\": true,\n            \"autoPlay\": 3000,\n            \"pauseAutoPlayOnHover\" : true,\n            \"prevNextButtons\": true,\n            \"contain\" : true,\n            \"adaptiveHeight\" : true,\n            \"dragThreshold\" : 10,\n            \"percentPosition\": true,\n            \"pageDots\": false,\n            \"rightToLeft\": false,\n            \"draggable\": true,\n            \"selectedAttraction\": 0.1,\n            \"parallax\" : 0,\n            \"friction\": 0.6        }'\n        >\n        \n\n\t<section class=\"section dark\" id=\"section_1053433531\">\n\t\t<div class=\"section-bg fill\" >\n\t\t\t\t\t\t\t\t\t<div class=\"section-bg-overlay absolute fill\"><\/div>\n\t\t\t\n\n\t\t<\/div>\n\n\t\t\n\n\t\t<div class=\"section-content relative\">\n\t\t\t\n<div class=\"row align-center\"  id=\"row-111859569\">\n\n\t<div id=\"col-974187291\" class=\"col medium-8 small-12 large-8\"  >\n\t\t\t\t<div class=\"col-inner text-center\"  >\n\t\t\t\n\t\t\t\n\t<div id=\"gap-329038375\" class=\"gap-element clearfix\" style=\"display:block; height:auto;\">\n\t\t\n<style>\n#gap-329038375 {\n  padding-top: 65px;\n}\n<\/style>\n\t<\/div>\n\t\n\t<div id=\"text-1148612628\" class=\"text\">\n\t\t\n<h1>B\u1ea2NG GI\u00c1 T\u1ea0I LEVENIN SPA<br \/>\nDA NANG<\/h1>\n\t\t\n<style>\n#text-1148612628 {\n  font-size: 1rem;\n  line-height: 1;\n  text-align: center;\n}\n@media (min-width:550px) {\n  #text-1148612628 {\n    font-size: 1.75rem;\n  }\n}\n<\/style>\n\t<\/div>\n\t\n\t<div id=\"text-2642115213\" class=\"text\">\n\t\t\n<p>H\u00e3y d\u00e0nh th\u1eddi gian m\u1ed7i ng\u00e0y \u0111\u1ec3 th\u01b0 gi\u00e3n v\u00e0 l\u00e0m m\u1edbi b\u1ea3n th\u00e2n kh\u1ecfi s\u1ef1 h\u1ed1i h\u1ea3 v\u00e0 nh\u1ed9n nh\u1ecbp c\u1ee7a th\u1ebf gi\u1edbi, b\u1edfi v\u00ec n\u00f3 r\u1ea5t quan tr\u1ecdng \u0111\u1ed1i v\u1edbi cu\u1ed9c s\u1ed1ng c\u1ee7a b\u1ea1n.<br \/>\n\t\t\n<style>\n#text-2642115213 {\n  font-size: 0.75rem;\n  text-align: center;\n}\n@media (min-width:550px) {\n  #text-2642115213 {\n    font-size: 0.95rem;\n  }\n}\n<\/style>\n\t<\/div>\n\t\n<a href=\"#book\" class=\"button white\"  style=\"padding:5px 30px 5px 31px;\">\n\t\t<span>BOOK NOW<\/span>\n\t<i class=\"icon-angle-right\" aria-hidden=\"true\" ><\/i><\/a>\n\n\t\t<\/div>\n\t\t\t\t\t<\/div>\n\n\t\n<\/div>\n\t\t<\/div>\n\n\t\t\n<style>\n#section_1053433531 {\n  padding-top: 30px;\n  padding-bottom: 30px;\n  min-height: 350px;\n  background-color: #5f2d00;\n}\n#section_1053433531 .section-bg-overlay {\n  background-color: rgba(0, 0, 0, 0.198);\n}\n@media (min-width:550px) {\n  #section_1053433531 {\n    min-height: 600px;\n  }\n}\n@media (min-width:850px) {\n  #section_1053433531 {\n    min-height: 650px;\n  }\n}\n<\/style>\n\t<\/section>\n\t\n     <\/div>\n\n     <div class=\"loading-spin dark large centered\"><\/div>\n\n\t<\/div>\n\n\n\n\t<section class=\"section\" id=\"section_1165191764\">\n\t\t<div class=\"section-bg fill\" >\n\t\t\t\t\t\t\t\t\t\n\t\t\t\n\n\t\t<\/div>\n\n\t\t\n\n\t\t<div class=\"section-content relative\">\n\t\t\t\n<div class=\"row\"  id=\"row-843395696\">\n\n\t<div id=\"col-1967105801\" class=\"col small-12 large-12\"  >\n\t\t\t\t<div class=\"col-inner text-center\"  >\n\t\t\t\n\t\t\t\n\t<div id=\"text-2678938622\" class=\"text\">\n\t\t\n<h3>B\u1ea2NG GI\u00c1 D\u1ecaCH V\u1ee4<\/h3>\n\t\t\n<style>\n#text-2678938622 {\n  font-size: 1.55rem;\n  line-height: 0.75;\n  text-align: center;\n  color: #5f2d00;\n}\n#text-2678938622 > * {\n  color: #5f2d00;\n}\n<\/style>\n\t<\/div>\n\t\n\t\t<\/div>\n\t\t\t\t\t<\/div>\n\n\t\n\n\t<div id=\"col-2008568293\" class=\"col small-12 large-12\"  >\n\t\t\t\t<div class=\"col-inner\"  >\n\t\t\t\n\t\t\t\n<div class=\"row\"  id=\"row-1270603079\">\n\n\t<div id=\"col-379346569\" class=\"col small-12 large-12\"  >\n\t\t\t\t<div class=\"col-inner\"  >\n\t\t\t\n\t\t\t\n\n  \n    <div class=\"row large-columns-1 medium-columns- small-columns-\" >\n  <div class=\"gallery-col col\" >\n          <div class=\"col-inner\">\n                        <div class=\"box has-hover gallery-box box-overlay dark\">\n              <div class=\"box-image\" >\n                <img loading=\"lazy\" decoding=\"async\" width=\"800\" height=\"1158\" src=\"https:\/\/leveninspa.com\/vi\/wp-content\/uploads\/2024\/03\/bang-gia-vi-1.jpg\" class=\"attachment-original size-original\" alt=\"\" ids=\"3379,3380,3381\" lightbox=\"false\" columns=\"1\" image_size=\"original\" srcset=\"https:\/\/leveninspa.com\/vi\/wp-content\/uploads\/2024\/03\/bang-gia-vi-1.jpg 800w, https:\/\/leveninspa.com\/vi\/wp-content\/uploads\/2024\/03\/bang-gia-vi-1-276x400.jpg 276w, https:\/\/leveninspa.com\/vi\/wp-content\/uploads\/2024\/03\/bang-gia-vi-1-553x800.jpg 553w, https:\/\/leveninspa.com\/vi\/wp-content\/uploads\/2024\/03\/bang-gia-vi-1-768x1112.jpg 768w\" sizes=\"(max-width: 800px) 100vw, 800px\" \/>                                  <div class=\"overlay fill\"\n                      style=\"background-color: rgba(0,0,0,.15)\">\n                  <\/div>\n                                                              <\/div>\n              <div class=\"box-text text-left\" >\n                 <p><\/p>\n              <\/div>\n            <\/div>\n                      <\/div>\n         <\/div><div class=\"gallery-col col\" >\n          <div class=\"col-inner\">\n                        <div class=\"box has-hover gallery-box box-overlay dark\">\n              <div class=\"box-image\" >\n                <img loading=\"lazy\" decoding=\"async\" width=\"800\" height=\"1158\" src=\"https:\/\/leveninspa.com\/vi\/wp-content\/uploads\/2024\/03\/bang-gia-vi-2.jpg\" class=\"attachment-original size-original\" alt=\"\" ids=\"3379,3380,3381\" lightbox=\"false\" columns=\"1\" image_size=\"original\" srcset=\"https:\/\/leveninspa.com\/vi\/wp-content\/uploads\/2024\/03\/bang-gia-vi-2.jpg 800w, https:\/\/leveninspa.com\/vi\/wp-content\/uploads\/2024\/03\/bang-gia-vi-2-276x400.jpg 276w, https:\/\/leveninspa.com\/vi\/wp-content\/uploads\/2024\/03\/bang-gia-vi-2-553x800.jpg 553w, https:\/\/leveninspa.com\/vi\/wp-content\/uploads\/2024\/03\/bang-gia-vi-2-768x1112.jpg 768w\" sizes=\"(max-width: 800px) 100vw, 800px\" \/>                                  <div class=\"overlay fill\"\n                      style=\"background-color: rgba(0,0,0,.15)\">\n                  <\/div>\n                                                              <\/div>\n              <div class=\"box-text text-left\" >\n                 <p><\/p>\n              <\/div>\n            <\/div>\n                      <\/div>\n         <\/div><div class=\"gallery-col col\" >\n          <div class=\"col-inner\">\n                        <div class=\"box has-hover gallery-box box-overlay dark\">\n              <div class=\"box-image\" >\n                <img loading=\"lazy\" decoding=\"async\" width=\"800\" height=\"1159\" src=\"https:\/\/leveninspa.com\/vi\/wp-content\/uploads\/2024\/03\/bang-gia-vi-3.jpg\" class=\"attachment-original size-original\" alt=\"\" ids=\"3379,3380,3381\" lightbox=\"false\" columns=\"1\" image_size=\"original\" srcset=\"https:\/\/leveninspa.com\/vi\/wp-content\/uploads\/2024\/03\/bang-gia-vi-3.jpg 800w, https:\/\/leveninspa.com\/vi\/wp-content\/uploads\/2024\/03\/bang-gia-vi-3-276x400.jpg 276w, https:\/\/leveninspa.com\/vi\/wp-content\/uploads\/2024\/03\/bang-gia-vi-3-552x800.jpg 552w, https:\/\/leveninspa.com\/vi\/wp-content\/uploads\/2024\/03\/bang-gia-vi-3-768x1113.jpg 768w\" sizes=\"(max-width: 800px) 100vw, 800px\" \/>                                  <div class=\"overlay fill\"\n                      style=\"background-color: rgba(0,0,0,.15)\">\n                  <\/div>\n                                                              <\/div>\n              <div class=\"box-text text-left\" >\n                 <p><\/p>\n              <\/div>\n            <\/div>\n                      <\/div>\n         <\/div><\/div>\n\t\t<\/div>\n\t\t\t\t\t<\/div>\n\n\t\n<\/div>\n\t\t<\/div>\n\t\t\t\t\t<\/div>\n\n\t\n<\/div>\n\t\t<\/div>\n\n\t\t\n<style>\n#section_1165191764 {\n  padding-top: 50px;\n  padding-bottom: 50px;\n}\n<\/style>\n\t<\/section>\n\t\n","protected":false},"excerpt":{"rendered":"","protected":false},"author":3,"featured_media":2137,"parent":0,"menu_order":0,"comment_status":"closed","ping_status":"closed","template":"","meta":{"footnotes":""},"class_list":["post-2084","page","type-page","status-publish","has-post-thumbnail","hentry"],"yoast_head":"<!-- This site is optimized with the Yoast SEO plugin v23.0 - https:\/\/yoast.com\/wordpress\/plugins\/seo\/ -->\n<title>B\u1ea3ng gi\u00e1 spa \u0110\u00e0 N\u1eb5ng - Lev\u00e9nin Spa \u0110\u00e0 N\u1eb5ng<\/title>\n<meta name=\"description\" content=\"Levenin Spa Danang will make you go from experience to experience like stepping into a fairyland, quiet and relaxed away from the hustle and bustle of life.\" \/>\n<meta name=\"robots\" content=\"index, follow, max-snippet:-1, max-image-preview:large, max-video-preview:-1\" \/>\n<link rel=\"canonical\" href=\"https:\/\/leveninspa.com\/vi\/bang-gia-levenin-spa\/\" \/>\n<meta property=\"og:locale\" content=\"vi_VN\" \/>\n<meta property=\"og:type\" content=\"article\" \/>\n<meta property=\"og:title\" content=\"B\u1ea3ng gi\u00e1 spa \u0110\u00e0 N\u1eb5ng - Lev\u00e9nin Spa \u0110\u00e0 N\u1eb5ng\" \/>\n<meta property=\"og:description\" content=\"Levenin Spa Danang will make you go from experience to experience like stepping into a fairyland, quiet and relaxed away from the hustle and bustle of life.\" \/>\n<meta property=\"og:url\" content=\"https:\/\/leveninspa.com\/vi\/bang-gia-levenin-spa\/\" \/>\n<meta property=\"og:site_name\" content=\"Lev\u00e9nin Spa \u0110\u00e0 N\u1eb5ng\" \/>\n<meta property=\"article:modified_time\" content=\"2024-03-25T09:59:23+00:00\" \/>\n<meta property=\"og:image\" content=\"https:\/\/leveninspa.com\/vi\/wp-content\/uploads\/2023\/01\/massage-bam-huyet.png\" \/>\n\t<meta property=\"og:image:width\" content=\"940\" \/>\n\t<meta property=\"og:image:height\" content=\"788\" \/>\n\t<meta property=\"og:image:type\" content=\"image\/png\" \/>\n<meta name=\"twitter:card\" content=\"summary_large_image\" \/>\n<meta name=\"twitter:label1\" content=\"\u01af\u1edbc t\u00ednh th\u1eddi gian \u0111\u1ecdc\" \/>\n\t<meta name=\"twitter:data1\" content=\"1 ph\u00fat\" \/>\n<script type=\"application\/ld+json\" class=\"yoast-schema-graph\">{\"@context\":\"https:\/\/schema.org\",\"@graph\":[{\"@type\":\"WebPage\",\"@id\":\"https:\/\/leveninspa.com\/vi\/bang-gia-levenin-spa\/\",\"url\":\"https:\/\/leveninspa.com\/vi\/bang-gia-levenin-spa\/\",\"name\":\"B\u1ea3ng gi\u00e1 spa \u0110\u00e0 N\u1eb5ng - Lev\u00e9nin Spa \u0110\u00e0 N\u1eb5ng\",\"isPartOf\":{\"@id\":\"https:\/\/leveninspa.com\/vi\/#website\"},\"primaryImageOfPage\":{\"@id\":\"https:\/\/leveninspa.com\/vi\/bang-gia-levenin-spa\/#primaryimage\"},\"image\":{\"@id\":\"https:\/\/leveninspa.com\/vi\/bang-gia-levenin-spa\/#primaryimage\"},\"thumbnailUrl\":\"https:\/\/leveninspa.com\/vi\/wp-content\/uploads\/2023\/01\/massage-bam-huyet.png\",\"datePublished\":\"2024-01-31T07:34:41+00:00\",\"dateModified\":\"2024-03-25T09:59:23+00:00\",\"description\":\"Levenin Spa Danang will make you go from experience to experience like stepping into a fairyland, quiet and relaxed away from the hustle and bustle of life.\",\"breadcrumb\":{\"@id\":\"https:\/\/leveninspa.com\/vi\/bang-gia-levenin-spa\/#breadcrumb\"},\"inLanguage\":\"vi\",\"potentialAction\":[{\"@type\":\"ReadAction\",\"target\":[\"https:\/\/leveninspa.com\/vi\/bang-gia-levenin-spa\/\"]}]},{\"@type\":\"ImageObject\",\"inLanguage\":\"vi\",\"@id\":\"https:\/\/leveninspa.com\/vi\/bang-gia-levenin-spa\/#primaryimage\",\"url\":\"https:\/\/leveninspa.com\/vi\/wp-content\/uploads\/2023\/01\/massage-bam-huyet.png\",\"contentUrl\":\"https:\/\/leveninspa.com\/vi\/wp-content\/uploads\/2023\/01\/massage-bam-huyet.png\",\"width\":940,\"height\":788},{\"@type\":\"BreadcrumbList\",\"@id\":\"https:\/\/leveninspa.com\/vi\/bang-gia-levenin-spa\/#breadcrumb\",\"itemListElement\":[{\"@type\":\"ListItem\",\"position\":1,\"name\":\"Home\",\"item\":\"https:\/\/leveninspa.com\/vi\/\"},{\"@type\":\"ListItem\",\"position\":2,\"name\":\"B\u1ea3ng gi\u00e1\"}]},{\"@type\":\"WebSite\",\"@id\":\"https:\/\/leveninspa.com\/vi\/#website\",\"url\":\"https:\/\/leveninspa.com\/vi\/\",\"name\":\"Lev\u00e9nin Spa \u0110\u00e0 N\u1eb5ng\",\"description\":\"Lev\u00e9nin Spa \u0110\u00e0 N\u1eb5ng\",\"publisher\":{\"@id\":\"https:\/\/leveninspa.com\/vi\/#\/schema\/person\/4ebe4a837f75c2af8945f351036f07e8\"},\"potentialAction\":[{\"@type\":\"SearchAction\",\"target\":{\"@type\":\"EntryPoint\",\"urlTemplate\":\"https:\/\/leveninspa.com\/vi\/?s={search_term_string}\"},\"query-input\":\"required name=search_term_string\"}],\"inLanguage\":\"vi\"},{\"@type\":[\"Person\",\"Organization\"],\"@id\":\"https:\/\/leveninspa.com\/vi\/#\/schema\/person\/4ebe4a837f75c2af8945f351036f07e8\",\"name\":\"Levenin Spa\",\"image\":{\"@type\":\"ImageObject\",\"inLanguage\":\"vi\",\"@id\":\"https:\/\/leveninspa.com\/vi\/#\/schema\/person\/image\/\",\"url\":\"https:\/\/leveninspa.com\/vi\/wp-content\/uploads\/2024\/01\/logo-300.png\",\"contentUrl\":\"https:\/\/leveninspa.com\/vi\/wp-content\/uploads\/2024\/01\/logo-300.png\",\"width\":300,\"height\":62,\"caption\":\"Levenin Spa\"},\"logo\":{\"@id\":\"https:\/\/leveninspa.com\/vi\/#\/schema\/person\/image\/\"}}]}<\/script>\n<!-- \/ Yoast SEO plugin. -->","yoast_head_json":{"title":"B\u1ea3ng gi\u00e1 spa \u0110\u00e0 N\u1eb5ng - Lev\u00e9nin Spa \u0110\u00e0 N\u1eb5ng","description":"Levenin Spa Danang will make you go from experience to experience like stepping into a fairyland, quiet and relaxed away from the hustle and bustle of life.","robots":{"index":"index","follow":"follow","max-snippet":"max-snippet:-1","max-image-preview":"max-image-preview:large","max-video-preview":"max-video-preview:-1"},"canonical":"https:\/\/leveninspa.com\/vi\/bang-gia-levenin-spa\/","og_locale":"vi_VN","og_type":"article","og_title":"B\u1ea3ng gi\u00e1 spa \u0110\u00e0 N\u1eb5ng - Lev\u00e9nin Spa \u0110\u00e0 N\u1eb5ng","og_description":"Levenin Spa Danang will make you go from experience to experience like stepping into a fairyland, quiet and relaxed away from the hustle and bustle of life.","og_url":"https:\/\/leveninspa.com\/vi\/bang-gia-levenin-spa\/","og_site_name":"Lev\u00e9nin Spa \u0110\u00e0 N\u1eb5ng","article_modified_time":"2024-03-25T09:59:23+00:00","og_image":[{"width":940,"height":788,"url":"https:\/\/leveninspa.com\/vi\/wp-content\/uploads\/2023\/01\/massage-bam-huyet.png","type":"image\/png"}],"twitter_card":"summary_large_image","twitter_misc":{"\u01af\u1edbc t\u00ednh th\u1eddi gian \u0111\u1ecdc":"1 ph\u00fat"},"schema":{"@context":"https:\/\/schema.org","@graph":[{"@type":"WebPage","@id":"https:\/\/leveninspa.com\/vi\/bang-gia-levenin-spa\/","url":"https:\/\/leveninspa.com\/vi\/bang-gia-levenin-spa\/","name":"B\u1ea3ng gi\u00e1 spa \u0110\u00e0 N\u1eb5ng - Lev\u00e9nin Spa \u0110\u00e0 N\u1eb5ng","isPartOf":{"@id":"https:\/\/leveninspa.com\/vi\/#website"},"primaryImageOfPage":{"@id":"https:\/\/leveninspa.com\/vi\/bang-gia-levenin-spa\/#primaryimage"},"image":{"@id":"https:\/\/leveninspa.com\/vi\/bang-gia-levenin-spa\/#primaryimage"},"thumbnailUrl":"https:\/\/leveninspa.com\/vi\/wp-content\/uploads\/2023\/01\/massage-bam-huyet.png","datePublished":"2024-01-31T07:34:41+00:00","dateModified":"2024-03-25T09:59:23+00:00","description":"Levenin Spa Danang will make you go from experience to experience like stepping into a fairyland, quiet and relaxed away from the hustle and bustle of life.","breadcrumb":{"@id":"https:\/\/leveninspa.com\/vi\/bang-gia-levenin-spa\/#breadcrumb"},"inLanguage":"vi","potentialAction":[{"@type":"ReadAction","target":["https:\/\/leveninspa.com\/vi\/bang-gia-levenin-spa\/"]}]},{"@type":"ImageObject","inLanguage":"vi","@id":"https:\/\/leveninspa.com\/vi\/bang-gia-levenin-spa\/#primaryimage","url":"https:\/\/leveninspa.com\/vi\/wp-content\/uploads\/2023\/01\/massage-bam-huyet.png","contentUrl":"https:\/\/leveninspa.com\/vi\/wp-content\/uploads\/2023\/01\/massage-bam-huyet.png","width":940,"height":788},{"@type":"BreadcrumbList","@id":"https:\/\/leveninspa.com\/vi\/bang-gia-levenin-spa\/#breadcrumb","itemListElement":[{"@type":"ListItem","position":1,"name":"Home","item":"https:\/\/leveninspa.com\/vi\/"},{"@type":"ListItem","position":2,"name":"B\u1ea3ng gi\u00e1"}]},{"@type":"WebSite","@id":"https:\/\/leveninspa.com\/vi\/#website","url":"https:\/\/leveninspa.com\/vi\/","name":"Lev\u00e9nin Spa \u0110\u00e0 N\u1eb5ng","description":"Lev\u00e9nin Spa \u0110\u00e0 N\u1eb5ng","publisher":{"@id":"https:\/\/leveninspa.com\/vi\/#\/schema\/person\/4ebe4a837f75c2af8945f351036f07e8"},"potentialAction":[{"@type":"SearchAction","target":{"@type":"EntryPoint","urlTemplate":"https:\/\/leveninspa.com\/vi\/?s={search_term_string}"},"query-input":"required name=search_term_string"}],"inLanguage":"vi"},{"@type":["Person","Organization"],"@id":"https:\/\/leveninspa.com\/vi\/#\/schema\/person\/4ebe4a837f75c2af8945f351036f07e8","name":"Levenin Spa","image":{"@type":"ImageObject","inLanguage":"vi","@id":"https:\/\/leveninspa.com\/vi\/#\/schema\/person\/image\/","url":"https:\/\/leveninspa.com\/vi\/wp-content\/uploads\/2024\/01\/logo-300.png","contentUrl":"https:\/\/leveninspa.com\/vi\/wp-content\/uploads\/2024\/01\/logo-300.png","width":300,"height":62,"caption":"Levenin Spa"},"logo":{"@id":"https:\/\/leveninspa.com\/vi\/#\/schema\/person\/image\/"}}]}},"_links":{"self":[{"href":"https:\/\/leveninspa.com\/vi\/wp-json\/wp\/v2\/pages\/2084"}],"collection":[{"href":"https:\/\/leveninspa.com\/vi\/wp-json\/wp\/v2\/pages"}],"about":[{"href":"https:\/\/leveninspa.com\/vi\/wp-json\/wp\/v2\/types\/page"}],"author":[{"embeddable":true,"href":"https:\/\/leveninspa.com\/vi\/wp-json\/wp\/v2\/users\/3"}],"replies":[{"embeddable":true,"href":"https:\/\/leveninspa.com\/vi\/wp-json\/wp\/v2\/comments?post=2084"}],"version-history":[{"count":0,"href":"https:\/\/leveninspa.com\/vi\/wp-json\/wp\/v2\/pages\/2084\/revisions"}],"wp:featuredmedia":[{"embeddable":true,"href":"https:\/\/leveninspa.com\/vi\/wp-json\/wp\/v2\/media\/2137"}],"wp:attachment":[{"href":"https:\/\/leveninspa.com\/vi\/wp-json\/wp\/v2\/media?parent=2084"}],"curies":[{"name":"wp","href":"https:\/\/api.w.org\/{rel}","templated":true}]}}