{"id":2483,"date":"2024-01-31T14:41:52","date_gmt":"2024-01-31T07:41:52","guid":{"rendered":"https:\/\/leveninspa.com\/?page_id=2483"},"modified":"2024-02-24T15:53:29","modified_gmt":"2024-02-24T08:53:29","slug":"massage-full-body-da-nang","status":"publish","type":"page","link":"https:\/\/leveninspa.com\/vi\/massage-full-body-da-nang\/","title":{"rendered":"Massage full body \u0110\u00e0 N\u1eb5ng"},"content":{"rendered":"\t<div class=\"img has-hover x md-x lg-x y md-y lg-y\" id=\"image_441299207\">\n\t\t\t\t\t\t\t\t<div class=\"img-inner dark\" >\n\t\t\t<img loading=\"lazy\" decoding=\"async\" width=\"500\" height=\"500\" src=\"https:\/\/leveninspa.com\/vi\/wp-content\/uploads\/2024\/02\/massage-full-body-da-nang.jpg\" class=\"attachment-original size-original\" alt=\"Massage full body \u0110\u00e0 N\u1eb5ng\" srcset=\"https:\/\/leveninspa.com\/vi\/wp-content\/uploads\/2024\/02\/massage-full-body-da-nang.jpg 500w, https:\/\/leveninspa.com\/vi\/wp-content\/uploads\/2024\/02\/massage-full-body-da-nang-400x400.jpg 400w, https:\/\/leveninspa.com\/vi\/wp-content\/uploads\/2024\/02\/massage-full-body-da-nang-280x280.jpg 280w\" sizes=\"(max-width: 500px) 100vw, 500px\" \/>\t\t\t\t\t\t\n\t\t\t\t\t<\/div>\n\t\t\t\t\t\t\t\t\n<style>\n#image_441299207 {\n  width: 100%;\n}\n<\/style>\n\t<\/div>\n\t\n\n\t<section class=\"section\" id=\"section_969658271\">\n\t\t<div class=\"section-bg fill\" >\n\t\t\t\t\t\t\t\t\t\n\t\t\t\n\n\t\t<\/div>\n\n\t\t\n\n\t\t<div class=\"section-content relative\">\n\t\t\t\n<p><strong>D\u1ecbch v\u1ee5 massage full body \u0110\u00e0 N\u1eb5ng t\u1eeb Lev\u00e9nin Spa v\u1edbi nh\u1eefng li\u1ec7u ph\u00e1p massage tuy\u1ec7t v\u1eddi gi\u00fap b\u1ea1n th\u01b0 gi\u00e3n v\u00e0 h\u1ed3i ph\u1ee5c c\u01a1 th\u1ec3 sau m\u1ed9t ng\u00e0y l\u00e0m vi\u1ec7c b\u1eadn r\u1ed9n v\u00e0 stress. Lev\u00e9nin Spa v\u1edbi \u0111\u1ed9i ng\u0169 nh\u00e2n vi\u00ean c\u00f3 tay ngh\u1ec1 cao, c\u00f3 kinh nghi\u1ec7m trong l\u0129nh v\u1ef1c spa nh\u1eb1m ph\u1ee5c v\u1ee5 t\u1ed1t nh\u1ea5t cho t\u1ea5t c\u1ea3 c\u00e1c Qu\u00fd kh\u00e1ch h\u00e0ng \u0111\u1ebfn v\u1edbi c\u01a1 s\u1edf spa c\u1ee7a ch\u00fang t\u00f4i.<\/strong><\/p>\n<h2>Gi\u1edbi thi\u1ec7u v\u1ec1 d\u1ecbch v\u1ee5 massage full body \u0110\u00e0 N\u1eb5ng t\u1ea1i Lev\u00e9nin Spa<\/h2>\n<p>B\u1ea1n \u0111ang t\u00ecm ki\u1ebfm m\u1ed9t n\u01a1i \u0111\u1ec3 th\u01b0 gi\u00e3n v\u00e0 l\u00e0m \u0111\u1eb9p sau nh\u1eefng ng\u00e0y l\u00e0m vi\u1ec7c c\u0103ng th\u1eb3ng? B\u1ea1n mu\u1ed1n tr\u1ea3i nghi\u1ec7m m\u1ed9t d\u1ecbch v\u1ee5 massage chuy\u00ean nghi\u1ec7p, an to\u00e0n v\u00e0 ch\u1ea5t l\u01b0\u1ee3ng t\u1ea1i \u0110\u00e0 N\u1eb5ng? H\u00e3y \u0111\u1ebfn v\u1edbi Lev\u00e9nin Spa, m\u1ed9t trong nh\u1eefng spa h\u00e0ng \u0111\u1ea7u t\u1ea1i \u0110\u00e0 N\u1eb5ng, n\u01a1i b\u1ea1n s\u1ebd \u0111\u01b0\u1ee3c h\u01b0\u1edfng nh\u1eefng li\u1ec7u ph\u00e1p massage full body tuy\u1ec7t v\u1eddi nh\u1ea5t.<\/p>\n<p><a href=\"https:\/\/leveninspa.com\/vi\/\">Lev\u00e9nin Spa \u0110\u00e0 N\u1eb5ng<\/a> l\u00e0 m\u1ed9t spa sang tr\u1ecdng v\u00e0 hi\u1ec7n \u0111\u1ea1i, n\u1eb1m \u1edf v\u1ecb tr\u00ed thu\u1eadn ti\u1ec7n t\u1ea1i trung t\u00e2m th\u00e0nh ph\u1ed1 \u0110\u00e0 N\u1eb5ng. Spa c\u00f3 kh\u00f4ng gian r\u1ed9ng r\u00e3i, tho\u00e1ng m\u00e1t, \u0111\u01b0\u1ee3c trang tr\u00ed \u0111\u1eb9p m\u1eaft v\u00e0 \u1ea5m c\u00fang. Spa c\u0169ng \u0111\u01b0\u1ee3c trang b\u1ecb \u0111\u1ea7y \u0111\u1ee7 c\u00e1c thi\u1ebft b\u1ecb v\u00e0 d\u1ee5ng c\u1ee5 massage hi\u1ec7n \u0111\u1ea1i, \u0111\u1ea3m b\u1ea3o mang l\u1ea1i cho kh\u00e1ch h\u00e0ng s\u1ef1 tho\u1ea3i m\u00e1i v\u00e0 h\u00e0i l\u00f2ng nh\u1ea5t.<\/p>\n<p>D\u1ecbch v\u1ee5 massage full body t\u1ea1i Lev\u00e9nin Spa l\u00e0 m\u1ed9t trong nh\u1eefng d\u1ecbch v\u1ee5 n\u1ed5i b\u1eadt v\u00e0 \u0111\u01b0\u1ee3c nhi\u1ec1u kh\u00e1ch h\u00e0ng y\u00eau th\u00edch. D\u1ecbch v\u1ee5 n\u00e0y bao g\u1ed3m vi\u1ec7c massage to\u00e0n th\u00e2n b\u1eb1ng c\u00e1c k\u1ef9 thu\u1eadt kh\u00e1c nhau, nh\u01b0 massage d\u1ea7u th\u01a1m, massage \u0111\u00e1 n\u00f3ng, massage tre, massage Th\u00e1i, massage tay&#8230; M\u1ed7i k\u1ef9 thu\u1eadt massage c\u00f3 nh\u1eefng \u0111\u1eb7c \u0111i\u1ec3m v\u00e0 l\u1ee3i \u00edch ri\u00eang, nh\u01b0ng \u0111\u1ec1u nh\u1eb1m m\u1ee5c \u0111\u00edch gi\u00fap kh\u00e1ch h\u00e0ng gi\u1ea3i t\u1ecfa c\u0103ng th\u1eb3ng, th\u01b0 gi\u00e3n c\u01a1 th\u1ec3, k\u00edch th\u00edch tu\u1ea7n ho\u00e0n m\u00e1u, c\u1ea3i thi\u1ec7n s\u1ee9c kh\u1ecfe v\u00e0 l\u00e0m \u0111\u1eb9p da.<\/p>\n<p>Massage full body t\u1ea1i Lev\u00e9nin Spa \u0111\u01b0\u1ee3c th\u1ef1c hi\u1ec7n b\u1edfi \u0111\u1ed9i ng\u0169 nh\u00e2n vi\u00ean massage chuy\u00ean nghi\u1ec7p, t\u1eadn t\u00ecnh v\u00e0 th\u00e2n thi\u1ec7n. H\u1ecd \u0111\u01b0\u1ee3c \u0111\u00e0o t\u1ea1o b\u00e0i b\u1ea3n v\u00e0 c\u00f3 nhi\u1ec1u n\u0103m kinh nghi\u1ec7m trong l\u0129nh v\u1ef1c massage. H\u1ecd c\u0169ng c\u00f3 th\u1ec3 giao ti\u1ebfp b\u1eb1ng ti\u1ebfng Anh v\u00e0 ti\u1ebfng H\u00e0n, ph\u1ee5c v\u1ee5 cho nhu c\u1ea7u c\u1ee7a kh\u00e1ch h\u00e0ng n\u01b0\u1edbc ngo\u00e0i. H\u1ecd lu\u00f4n l\u1eafng nghe v\u00e0 t\u01b0 v\u1ea5n cho kh\u00e1ch h\u00e0ng l\u1ef1a ch\u1ecdn k\u1ef9 thu\u1eadt massage ph\u00f9 h\u1ee3p nh\u1ea5t v\u1edbi t\u00ecnh tr\u1ea1ng v\u00e0 mong mu\u1ed1n c\u1ee7a h\u1ecd.<\/p>\n<p>Sau khi th\u1ef1c hi\u1ec7n xong li\u1ec7u ph\u00e1p massage full body, kh\u00e1ch h\u00e0ng s\u1ebd \u0111\u01b0\u1ee3c ph\u1ee5c v\u1ee5 tr\u00e0 m\u00e1t v\u00e0 \u0111\u1ed3 \u0103n nh\u1eb9. Spa c\u0169ng c\u00f3 d\u1ecbch v\u1ee5 gi\u1eef h\u00e0nh l\u00fd cho kh\u00e1ch h\u00e0ng trong khi h\u1ecd th\u01b0\u1edfng th\u1ee9c d\u1ecbch v\u1ee5 massage.<\/p>\n<p>Gi\u00e1 c\u1ea3 c\u1ee7a d\u1ecbch v\u1ee5 massage full body t\u1ea1i Lev\u00e9nin Spa \u0110\u00e0 N\u1eb5ng h\u1ee3p l\u00fd v\u00e0 c\u1ea1nh tranh, ph\u00f9 h\u1ee3p v\u1edbi t\u00fai ti\u1ec1n c\u1ee7a nhi\u1ec1u \u0111\u1ed1i t\u01b0\u1ee3ng kh\u00e1ch h\u00e0ng.<\/p>\n<p>N\u1ebfu b\u1ea1n mu\u1ed1n c\u00f3 m\u1ed9t tr\u1ea3i nghi\u1ec7m massage full body tuy\u1ec7t v\u1eddi t\u1ea1i \u0110\u00e0 N\u1eb5ng, h\u00e3y \u0111\u1ebfn v\u1edbi Lev\u00e9nin Spa ngay h\u00f4m nay. B\u1ea1n s\u1ebd kh\u00f4ng th\u1ea5t v\u1ecdng v\u1edbi d\u1ecbch v\u1ee5 v\u00e0 ch\u1ea5t l\u01b0\u1ee3ng c\u1ee7a spa.<\/p>\n<p>H\u00e3y li\u00ean h\u1ec7 v\u1edbi Lev\u00e9nin Spa qua s\u1ed1 \u0111i\u1ec7n tho\u1ea1i <a href=\"tel:+84794510520\" target=\"_blank\" rel=\"noopener\">+84794510520<\/a> ho\u1eb7c truy c\u1eadp website <a href=\"https:\/\/leveninspa.com\/\" target=\"_blank\" rel=\"noopener\">https:\/\/leveninspa.com\/<\/a> \u0111\u1ec3 \u0111\u1eb7t l\u1ecbch h\u1eb9n.<\/p>\n<p>Lev\u00e9nin Spa r\u1ea5t mong \u0111\u01b0\u1ee3c \u0111\u00f3n ti\u1ebfp v\u00e0 ph\u1ee5c v\u1ee5 b\u1ea1n.<\/p>\n\t\t<\/div>\n\n\t\t\n<style>\n#section_969658271 {\n  padding-top: 60px;\n  padding-bottom: 60px;\n  background-color: rgb(233, 217, 201);\n}\n<\/style>\n\t<\/section>\n\t\n\n\n<div class=\"kk-star-ratings kksr-auto kksr-align-left kksr-valign-bottom\"\n    data-payload='{&quot;align&quot;:&quot;left&quot;,&quot;id&quot;:&quot;2483&quot;,&quot;slug&quot;:&quot;default&quot;,&quot;valign&quot;:&quot;bottom&quot;,&quot;ignore&quot;:&quot;&quot;,&quot;reference&quot;:&quot;auto&quot;,&quot;class&quot;:&quot;&quot;,&quot;count&quot;:&quot;4&quot;,&quot;legendonly&quot;:&quot;&quot;,&quot;readonly&quot;:&quot;&quot;,&quot;score&quot;:&quot;5&quot;,&quot;starsonly&quot;:&quot;&quot;,&quot;best&quot;:&quot;5&quot;,&quot;gap&quot;:&quot;5&quot;,&quot;greet&quot;:&quot;Rate this page&quot;,&quot;legend&quot;:&quot;5\\\/5 - (4 b\u00ecnh ch\u1ecdn)&quot;,&quot;size&quot;:&quot;24&quot;,&quot;title&quot;:&quot;Massage full body \u0110\u00e0 N\u1eb5ng&quot;,&quot;width&quot;:&quot;142.5&quot;,&quot;_legend&quot;:&quot;{score}\\\/{best} - ({count} {votes})&quot;,&quot;font_factor&quot;:&quot;1.25&quot;}'>\n            \n<div class=\"kksr-stars\">\n    \n<div class=\"kksr-stars-inactive\">\n            <div class=\"kksr-star\" data-star=\"1\" style=\"padding-right: 5px\">\n            \n\n<div class=\"kksr-icon\" style=\"width: 24px; height: 24px;\"><\/div>\n        <\/div>\n            <div class=\"kksr-star\" data-star=\"2\" style=\"padding-right: 5px\">\n            \n\n<div class=\"kksr-icon\" style=\"width: 24px; height: 24px;\"><\/div>\n        <\/div>\n            <div class=\"kksr-star\" data-star=\"3\" style=\"padding-right: 5px\">\n            \n\n<div class=\"kksr-icon\" style=\"width: 24px; height: 24px;\"><\/div>\n        <\/div>\n            <div class=\"kksr-star\" data-star=\"4\" style=\"padding-right: 5px\">\n            \n\n<div class=\"kksr-icon\" style=\"width: 24px; height: 24px;\"><\/div>\n        <\/div>\n            <div class=\"kksr-star\" data-star=\"5\" style=\"padding-right: 5px\">\n            \n\n<div class=\"kksr-icon\" style=\"width: 24px; height: 24px;\"><\/div>\n        <\/div>\n    <\/div>\n    \n<div class=\"kksr-stars-active\" style=\"width: 142.5px;\">\n            <div class=\"kksr-star\" style=\"padding-right: 5px\">\n            \n\n<div class=\"kksr-icon\" style=\"width: 24px; height: 24px;\"><\/div>\n        <\/div>\n            <div class=\"kksr-star\" style=\"padding-right: 5px\">\n            \n\n<div class=\"kksr-icon\" style=\"width: 24px; height: 24px;\"><\/div>\n        <\/div>\n            <div class=\"kksr-star\" style=\"padding-right: 5px\">\n            \n\n<div class=\"kksr-icon\" style=\"width: 24px; height: 24px;\"><\/div>\n        <\/div>\n            <div class=\"kksr-star\" style=\"padding-right: 5px\">\n            \n\n<div class=\"kksr-icon\" style=\"width: 24px; height: 24px;\"><\/div>\n        <\/div>\n            <div class=\"kksr-star\" style=\"padding-right: 5px\">\n            \n\n<div class=\"kksr-icon\" style=\"width: 24px; height: 24px;\"><\/div>\n        <\/div>\n    <\/div>\n<\/div>\n                \n\n<div class=\"kksr-legend\" style=\"font-size: 19.2px;\">\n            5\/5 - (4 b\u00ecnh ch\u1ecdn)    <\/div>\n    <\/div>\n","protected":false},"excerpt":{"rendered":"","protected":false},"author":3,"featured_media":0,"parent":0,"menu_order":0,"comment_status":"closed","ping_status":"closed","template":"page-blank-title-center.php","meta":{"footnotes":""},"class_list":["post-2483","page","type-page","status-publish","hentry"],"yoast_head":"<!-- This site is optimized with the Yoast SEO plugin v23.0 - https:\/\/yoast.com\/wordpress\/plugins\/seo\/ -->\n<title>Massage full body \u0110\u00e0 N\u1eb5ng - Lev\u00e9nin Spa \u0110\u00e0 N\u1eb5ng<\/title>\n<meta name=\"robots\" content=\"index, follow, max-snippet:-1, max-image-preview:large, max-video-preview:-1\" \/>\n<link rel=\"canonical\" href=\"https:\/\/leveninspa.com\/vi\/massage-full-body-da-nang\/\" \/>\n<meta property=\"og:locale\" content=\"vi_VN\" \/>\n<meta property=\"og:type\" content=\"article\" \/>\n<meta property=\"og:title\" content=\"Massage full body \u0110\u00e0 N\u1eb5ng - Lev\u00e9nin Spa \u0110\u00e0 N\u1eb5ng\" \/>\n<meta property=\"og:url\" content=\"https:\/\/leveninspa.com\/vi\/massage-full-body-da-nang\/\" \/>\n<meta property=\"og:site_name\" content=\"Lev\u00e9nin Spa \u0110\u00e0 N\u1eb5ng\" \/>\n<meta property=\"article:modified_time\" content=\"2024-02-24T08:53:29+00:00\" \/>\n<meta property=\"og:image\" content=\"https:\/\/leveninspa.com\/vi\/wp-content\/uploads\/2024\/01\/logo-300.png\" \/>\n\t<meta property=\"og:image:width\" content=\"300\" \/>\n\t<meta property=\"og:image:height\" content=\"62\" \/>\n\t<meta property=\"og:image:type\" content=\"image\/png\" \/>\n<meta name=\"twitter:card\" content=\"summary_large_image\" \/>\n<meta name=\"twitter:label1\" content=\"\u01af\u1edbc t\u00ednh th\u1eddi gian \u0111\u1ecdc\" \/>\n\t<meta name=\"twitter:data1\" content=\"4 ph\u00fat\" \/>\n<script type=\"application\/ld+json\" class=\"yoast-schema-graph\">{\"@context\":\"https:\/\/schema.org\",\"@graph\":[{\"@type\":\"WebPage\",\"@id\":\"https:\/\/leveninspa.com\/vi\/massage-full-body-da-nang\/\",\"url\":\"https:\/\/leveninspa.com\/vi\/massage-full-body-da-nang\/\",\"name\":\"Massage full body \u0110\u00e0 N\u1eb5ng - Lev\u00e9nin Spa \u0110\u00e0 N\u1eb5ng\",\"isPartOf\":{\"@id\":\"https:\/\/leveninspa.com\/vi\/#website\"},\"datePublished\":\"2024-01-31T07:41:52+00:00\",\"dateModified\":\"2024-02-24T08:53:29+00:00\",\"breadcrumb\":{\"@id\":\"https:\/\/leveninspa.com\/vi\/massage-full-body-da-nang\/#breadcrumb\"},\"inLanguage\":\"vi\",\"potentialAction\":[{\"@type\":\"ReadAction\",\"target\":[\"https:\/\/leveninspa.com\/vi\/massage-full-body-da-nang\/\"]}]},{\"@type\":\"BreadcrumbList\",\"@id\":\"https:\/\/leveninspa.com\/vi\/massage-full-body-da-nang\/#breadcrumb\",\"itemListElement\":[{\"@type\":\"ListItem\",\"position\":1,\"name\":\"Home\",\"item\":\"https:\/\/leveninspa.com\/vi\/\"},{\"@type\":\"ListItem\",\"position\":2,\"name\":\"Massage full body \u0110\u00e0 N\u1eb5ng\"}]},{\"@type\":\"WebSite\",\"@id\":\"https:\/\/leveninspa.com\/vi\/#website\",\"url\":\"https:\/\/leveninspa.com\/vi\/\",\"name\":\"Lev\u00e9nin Spa \u0110\u00e0 N\u1eb5ng\",\"description\":\"Lev\u00e9nin Spa \u0110\u00e0 N\u1eb5ng\",\"publisher\":{\"@id\":\"https:\/\/leveninspa.com\/vi\/#\/schema\/person\/4ebe4a837f75c2af8945f351036f07e8\"},\"potentialAction\":[{\"@type\":\"SearchAction\",\"target\":{\"@type\":\"EntryPoint\",\"urlTemplate\":\"https:\/\/leveninspa.com\/vi\/?s={search_term_string}\"},\"query-input\":\"required name=search_term_string\"}],\"inLanguage\":\"vi\"},{\"@type\":[\"Person\",\"Organization\"],\"@id\":\"https:\/\/leveninspa.com\/vi\/#\/schema\/person\/4ebe4a837f75c2af8945f351036f07e8\",\"name\":\"Levenin Spa\",\"image\":{\"@type\":\"ImageObject\",\"inLanguage\":\"vi\",\"@id\":\"https:\/\/leveninspa.com\/vi\/#\/schema\/person\/image\/\",\"url\":\"https:\/\/leveninspa.com\/vi\/wp-content\/uploads\/2024\/01\/logo-300.png\",\"contentUrl\":\"https:\/\/leveninspa.com\/vi\/wp-content\/uploads\/2024\/01\/logo-300.png\",\"width\":300,\"height\":62,\"caption\":\"Levenin Spa\"},\"logo\":{\"@id\":\"https:\/\/leveninspa.com\/vi\/#\/schema\/person\/image\/\"}}]}<\/script>\n<!-- \/ Yoast SEO plugin. -->","yoast_head_json":{"title":"Massage full body \u0110\u00e0 N\u1eb5ng - Lev\u00e9nin Spa \u0110\u00e0 N\u1eb5ng","robots":{"index":"index","follow":"follow","max-snippet":"max-snippet:-1","max-image-preview":"max-image-preview:large","max-video-preview":"max-video-preview:-1"},"canonical":"https:\/\/leveninspa.com\/vi\/massage-full-body-da-nang\/","og_locale":"vi_VN","og_type":"article","og_title":"Massage full body \u0110\u00e0 N\u1eb5ng - Lev\u00e9nin Spa \u0110\u00e0 N\u1eb5ng","og_url":"https:\/\/leveninspa.com\/vi\/massage-full-body-da-nang\/","og_site_name":"Lev\u00e9nin Spa \u0110\u00e0 N\u1eb5ng","article_modified_time":"2024-02-24T08:53:29+00:00","og_image":[{"width":300,"height":62,"url":"https:\/\/leveninspa.com\/vi\/wp-content\/uploads\/2024\/01\/logo-300.png","type":"image\/png"}],"twitter_card":"summary_large_image","twitter_misc":{"\u01af\u1edbc t\u00ednh th\u1eddi gian \u0111\u1ecdc":"4 ph\u00fat"},"schema":{"@context":"https:\/\/schema.org","@graph":[{"@type":"WebPage","@id":"https:\/\/leveninspa.com\/vi\/massage-full-body-da-nang\/","url":"https:\/\/leveninspa.com\/vi\/massage-full-body-da-nang\/","name":"Massage full body \u0110\u00e0 N\u1eb5ng - Lev\u00e9nin Spa \u0110\u00e0 N\u1eb5ng","isPartOf":{"@id":"https:\/\/leveninspa.com\/vi\/#website"},"datePublished":"2024-01-31T07:41:52+00:00","dateModified":"2024-02-24T08:53:29+00:00","breadcrumb":{"@id":"https:\/\/leveninspa.com\/vi\/massage-full-body-da-nang\/#breadcrumb"},"inLanguage":"vi","potentialAction":[{"@type":"ReadAction","target":["https:\/\/leveninspa.com\/vi\/massage-full-body-da-nang\/"]}]},{"@type":"BreadcrumbList","@id":"https:\/\/leveninspa.com\/vi\/massage-full-body-da-nang\/#breadcrumb","itemListElement":[{"@type":"ListItem","position":1,"name":"Home","item":"https:\/\/leveninspa.com\/vi\/"},{"@type":"ListItem","position":2,"name":"Massage full body \u0110\u00e0 N\u1eb5ng"}]},{"@type":"WebSite","@id":"https:\/\/leveninspa.com\/vi\/#website","url":"https:\/\/leveninspa.com\/vi\/","name":"Lev\u00e9nin Spa \u0110\u00e0 N\u1eb5ng","description":"Lev\u00e9nin Spa \u0110\u00e0 N\u1eb5ng","publisher":{"@id":"https:\/\/leveninspa.com\/vi\/#\/schema\/person\/4ebe4a837f75c2af8945f351036f07e8"},"potentialAction":[{"@type":"SearchAction","target":{"@type":"EntryPoint","urlTemplate":"https:\/\/leveninspa.com\/vi\/?s={search_term_string}"},"query-input":"required name=search_term_string"}],"inLanguage":"vi"},{"@type":["Person","Organization"],"@id":"https:\/\/leveninspa.com\/vi\/#\/schema\/person\/4ebe4a837f75c2af8945f351036f07e8","name":"Levenin Spa","image":{"@type":"ImageObject","inLanguage":"vi","@id":"https:\/\/leveninspa.com\/vi\/#\/schema\/person\/image\/","url":"https:\/\/leveninspa.com\/vi\/wp-content\/uploads\/2024\/01\/logo-300.png","contentUrl":"https:\/\/leveninspa.com\/vi\/wp-content\/uploads\/2024\/01\/logo-300.png","width":300,"height":62,"caption":"Levenin Spa"},"logo":{"@id":"https:\/\/leveninspa.com\/vi\/#\/schema\/person\/image\/"}}]}},"_links":{"self":[{"href":"https:\/\/leveninspa.com\/vi\/wp-json\/wp\/v2\/pages\/2483"}],"collection":[{"href":"https:\/\/leveninspa.com\/vi\/wp-json\/wp\/v2\/pages"}],"about":[{"href":"https:\/\/leveninspa.com\/vi\/wp-json\/wp\/v2\/types\/page"}],"author":[{"embeddable":true,"href":"https:\/\/leveninspa.com\/vi\/wp-json\/wp\/v2\/users\/3"}],"replies":[{"embeddable":true,"href":"https:\/\/leveninspa.com\/vi\/wp-json\/wp\/v2\/comments?post=2483"}],"version-history":[{"count":0,"href":"https:\/\/leveninspa.com\/vi\/wp-json\/wp\/v2\/pages\/2483\/revisions"}],"wp:attachment":[{"href":"https:\/\/leveninspa.com\/vi\/wp-json\/wp\/v2\/media?parent=2483"}],"curies":[{"name":"wp","href":"https:\/\/api.w.org\/{rel}","templated":true}]}}