{"id":2491,"date":"2024-01-31T14:41:53","date_gmt":"2024-01-31T07:41:53","guid":{"rendered":"https:\/\/leveninspa.com\/?page_id=2491"},"modified":"2024-03-25T15:25:52","modified_gmt":"2024-03-25T08:25:52","slug":"waxing-danang","status":"publish","type":"page","link":"https:\/\/leveninspa.com\/vi\/waxing-danang\/","title":{"rendered":"Waxing \u0110\u00e0 N\u1eb5ng"},"content":{"rendered":"\t<div class=\"img has-hover x md-x lg-x y md-y lg-y\" id=\"image_1012542226\">\n\t\t\t\t\t\t\t\t<div class=\"img-inner dark\" >\n\t\t\t<img loading=\"lazy\" decoding=\"async\" width=\"960\" height=\"502\" src=\"https:\/\/leveninspa.com\/vi\/wp-content\/uploads\/2024\/02\/waxing-da-nang.jpg\" class=\"attachment-original size-original\" alt=\"Waxing \u0110\u00e0 N\u1eb5ng\" srcset=\"https:\/\/leveninspa.com\/vi\/wp-content\/uploads\/2024\/02\/waxing-da-nang.jpg 960w, https:\/\/leveninspa.com\/vi\/wp-content\/uploads\/2024\/02\/waxing-da-nang-765x400.jpg 765w, https:\/\/leveninspa.com\/vi\/wp-content\/uploads\/2024\/02\/waxing-da-nang-768x402.jpg 768w\" sizes=\"(max-width: 960px) 100vw, 960px\" \/>\t\t\t\t\t\t\n\t\t\t\t\t<\/div>\n\t\t\t\t\t\t\t\t\n<style>\n#image_1012542226 {\n  width: 100%;\n}\n<\/style>\n\t<\/div>\n\t\n\n\t<section class=\"section\" id=\"section_572725377\">\n\t\t<div class=\"section-bg fill\" >\n\t\t\t\t\t\t\t\t\t\n\t\t\t\n\n\t\t<\/div>\n\n\t\t\n\n\t\t<div class=\"section-content relative\">\n\t\t\t\n<div class=\"row\"  id=\"row-1991487530\">\n\n\t<div id=\"col-1938133471\" class=\"col small-12 large-12\"  >\n\t\t\t\t<div class=\"col-inner text-center\"  >\n\t\t\t\n\t\t\t\n\t<div id=\"text-1842965085\" class=\"text\">\n\t\t\n<h2>D\u1ecbch v\u1ee5 waxing t\u1ea1i Lev\u00e9nin Spa<\/h2>\n\t\t\n<style>\n#text-1842965085 {\n  font-size: 1.55rem;\n  line-height: 0.75;\n  text-align: center;\n  color: #5f2d00;\n}\n#text-1842965085 > * {\n  color: #5f2d00;\n}\n<\/style>\n\t<\/div>\n\t\n\t<div id=\"text-1050272599\" class=\"text\">\n\t\t\n<p><strong>D\u1ecbch v\u1ee5 waxing t\u1ea1i Lev\u00e9nin Spa ra \u0111\u1eddi v\u1edbi s\u1ee9 m\u1ec7nh gi\u00fap kh\u00e1ch h\u00e0ng chinh ph\u1ee5c m\u1ecdi &#8220;c\u1ecf d\u1ea1i&#8221; kh\u00f4ng mong mu\u1ed1n tr\u00ean c\u01a1 th\u1ec3, ngo\u00e0i ra, vi\u1ec7c t\u1ea9y l\u00f4ng kh\u00f4ng ch\u1ec9 gi\u00fap lo\u1ea1i b\u1ecf l\u00f4ng m\u00e0 c\u00f2n gi\u00fap kh\u00e1ch h\u00e0ng s\u1edf h\u1eefu l\u00e0n da m\u1ecbn m\u00e0ng.<\/strong><\/p>\n<p>V\u1edbi g\u1ea7n 7 n\u0103m kinh nghi\u1ec7m, \u0111\u1ed9i ng\u0169 t\u1eadn t\u00e2m v\u00e0 chuy\u00ean nghi\u1ec7p c\u1ee7a Lev\u00e9nin Spa \u0111\u00e3 th\u1ef1c hi\u1ec7n waxing cho r\u1ea5t nhi\u1ec1u kh\u00e1ch h\u00e0ng Vi\u1ec7t Nam v\u00e0 qu\u1ed1c t\u1ebf.<\/p>\n<h2>T\u1ea1i sao ch\u1ecdn d\u1ecbch v\u1ee5 waxing t\u1ea1i Lev\u00e9nin Spa?<\/h2>\n<p>&#8211; S\u1eed d\u1ee5ng lo\u1ea1i s\u00e1p ch\u1ea5t l\u01b0\u1ee3ng<\/p>\n<p>&#8211; \u0110\u1ea3m b\u1ea3o v\u1ec7 sinh, an to\u00e0n trong qu\u00e1 tr\u00ecnh t\u1ea9y l\u00f4ng<\/p>\n<p>&#8211; \u0110\u1ed9i ng\u0169 c\u00f3 kinh nghi\u1ec7m v\u00e0 c\u00f3 tay ngh\u1ec1, kh\u00f4ng g\u00e2y kh\u00f3 ch\u1ecbu cho kh\u00e1ch h\u00e0ng<\/p>\n<h2>Quy tr\u00ecnh t\u1ea9y l\u00f4ng t\u1ea1i Lev\u00e9nin Spa di\u1ec5n ra nh\u01b0 th\u1ebf n\u00e0o?<\/h2>\n<p>Lev\u00e9nin Spa c\u00f3 quy tr\u00ecnh t\u1ea9y l\u00f4ng r\u1ea5t b\u00e0i b\u1ea3n v\u00e0 chuy\u00ean nghi\u1ec7p.\u00a0C\u00f9ng xem quy tr\u00ecnh t\u1ea9y l\u00f4ng ti\u00eau chu\u1ea9n d\u01b0\u1edbi \u0111\u00e2y nh\u00e9:<\/p>\n<p><strong>B\u01b0\u1edbc 1: T\u01b0 v\u1ea5n k\u1ef9 l\u01b0\u1ee1ng cho kh\u00e1ch h\u00e0ng<\/strong><\/p>\n<p>K\u1ef9 thu\u1eadt vi\u00ean s\u1ebd ki\u1ec3m tra da v\u00e0 \u0111\u01b0a ra li\u1ec7u tr\u00ecnh t\u1ea9y l\u00f4ng ph\u00f9 h\u1ee3p cho t\u1eebng kh\u00e1ch h\u00e0ng. C\u00f3 nh\u1eefng tr\u01b0\u1eddng h\u1ee3p kh\u00f4ng n\u00ean t\u1ea9y l\u00f4ng nh\u01b0: \u0110ang c\u00f3 kinh nguy\u1ec7t, da b\u1ecb ch\u00e1y n\u1eafng, v\u1ebft th\u01b0\u01a1ng kh\u00f4 n\u1ee9t ho\u1eb7c h\u1edf, t\u1eafm n\u1eafng qu\u00e1 nhi\u1ec1u trong v\u00f2ng 1 tu\u1ea7n, x\u1ea1 tr\u1ecb, \u0111i\u1ec7n ph\u00e2n ho\u1eb7c \u0111ang s\u1eed d\u1ee5ng Accutane \u2013 thu\u1ed1c kh\u00e1ng sinh \u0111\u01b0\u1eddng u\u1ed1ng tr\u1ecb m\u1ee5n,\u2026<\/p>\n<p><strong>B\u01b0\u1edbc 2: Thay qu\u1ea7n \u00e1o<\/strong><\/p>\n<p>Kh\u00e1ch h\u00e0ng s\u1ebd \u0111\u01b0\u1ee3c h\u01b0\u1edbng d\u1eabn thay qu\u1ea7n \u00e1o v\u00e0 l\u00e0m s\u1ea1ch v\u00f9ng da c\u1ea7n t\u1ea9y l\u00f4ng.<\/p>\n<p><strong>B\u01b0\u1edbc 3: Ti\u1ebfn h\u00e0nh t\u1ea9y l\u00f4ng<\/strong><\/p>\n<p>K\u1ef9 thu\u1eadt vi\u00ean \u0111eo g\u0103ng tay \u0111\u1ec3 l\u00e0m s\u1ea1ch da v\u00e0 ti\u1ebfn h\u00e0nh t\u1ea9y l\u00f4ng \u1edf nh\u1eefng v\u00f9ng \u0111\u00f3.<\/p>\n<p><strong>B\u01b0\u1edbc 4: Ch\u0103m s\u00f3c da sau khi t\u1ea9y l\u00f4ng<\/strong><\/p>\n<p>Da \u0111\u01b0\u1ee3c l\u00e0m s\u1ea1ch v\u00e0 ch\u0103m s\u00f3c b\u1edfi d\u00f2ng s\u1ea3n ph\u1ea9m l\u00e0m d\u1ecbu da.<\/p>\n<p>Th\u1eddi gian th\u1ef1c hi\u1ec7n qu\u00e1 tr\u00ecnh n\u00e0y trung b\u00ecnh l\u00e0 30-45 ph\u00fat.<\/p>\n<p>V\u1edbi tay ngh\u1ec1, s\u1ef1 ch\u00ednh x\u00e1c v\u00e0 kinh nghi\u1ec7m c\u1ee7a c\u00e1c chuy\u00ean gia, qu\u00e1 tr\u00ecnh t\u1ea9y l\u00f4ng di\u1ec5n ra su\u00f4n s\u1ebb v\u00e0 tho\u1ea3i m\u00e1i.<\/p>\n<p><strong>Lev\u00e9nin Spa c\u00f3 d\u1ecbch v\u1ee5 t\u1ea9y l\u00f4ng t\u1ea1i \u0110\u00e0 N\u1eb5ng cho c\u1ea3 nam v\u00e0 n\u1eef. H\u1ea7u nh\u01b0 b\u1ea5t k\u1ef3 v\u00f9ng n\u00e0o tr\u00ean c\u01a1 th\u1ec3 nh\u01b0 ch\u00e2n, tay, l\u01b0ng, n\u00e1ch, m\u1eb7t \u0111\u1ec1u c\u00f3 th\u1ec3 \u0111\u01b0\u1ee3c t\u1ea9y l\u00f4ng. <\/strong><\/p>\n<p><strong>H\u00e3y li\u00ean h\u1ec7 ngay \u0111\u1ebfn Lev\u00e9nin Spa \u0111\u1ec3 \u0111\u01b0\u1ee3c t\u01b0 v\u1ea5n ngay nh\u00e9!<\/strong><\/p>\n\t\t\n<style>\n#text-1050272599 {\n  text-align: left;\n}\n<\/style>\n\t<\/div>\n\t\n\t\t<\/div>\n\t\t\t\t\t<\/div>\n\n\t\n<\/div>\n\t\t<\/div>\n\n\t\t\n<style>\n#section_572725377 {\n  padding-top: 60px;\n  padding-bottom: 60px;\n  background-color: rgb(233, 217, 201);\n}\n<\/style>\n\t<\/section>\n\t\n\n\n<div class=\"kk-star-ratings kksr-auto kksr-align-left kksr-valign-bottom\"\n    data-payload='{&quot;align&quot;:&quot;left&quot;,&quot;id&quot;:&quot;2491&quot;,&quot;slug&quot;:&quot;default&quot;,&quot;valign&quot;:&quot;bottom&quot;,&quot;ignore&quot;:&quot;&quot;,&quot;reference&quot;:&quot;auto&quot;,&quot;class&quot;:&quot;&quot;,&quot;count&quot;:&quot;4&quot;,&quot;legendonly&quot;:&quot;&quot;,&quot;readonly&quot;:&quot;&quot;,&quot;score&quot;:&quot;5&quot;,&quot;starsonly&quot;:&quot;&quot;,&quot;best&quot;:&quot;5&quot;,&quot;gap&quot;:&quot;5&quot;,&quot;greet&quot;:&quot;Rate this page&quot;,&quot;legend&quot;:&quot;5\\\/5 - (4 b\u00ecnh ch\u1ecdn)&quot;,&quot;size&quot;:&quot;24&quot;,&quot;title&quot;:&quot;Waxing \u0110\u00e0 N\u1eb5ng&quot;,&quot;width&quot;:&quot;142.5&quot;,&quot;_legend&quot;:&quot;{score}\\\/{best} - ({count} {votes})&quot;,&quot;font_factor&quot;:&quot;1.25&quot;}'>\n            \n<div class=\"kksr-stars\">\n    \n<div class=\"kksr-stars-inactive\">\n            <div class=\"kksr-star\" data-star=\"1\" style=\"padding-right: 5px\">\n            \n\n<div class=\"kksr-icon\" style=\"width: 24px; height: 24px;\"><\/div>\n        <\/div>\n            <div class=\"kksr-star\" data-star=\"2\" style=\"padding-right: 5px\">\n            \n\n<div class=\"kksr-icon\" style=\"width: 24px; height: 24px;\"><\/div>\n        <\/div>\n            <div class=\"kksr-star\" data-star=\"3\" style=\"padding-right: 5px\">\n            \n\n<div class=\"kksr-icon\" style=\"width: 24px; height: 24px;\"><\/div>\n        <\/div>\n            <div class=\"kksr-star\" data-star=\"4\" style=\"padding-right: 5px\">\n            \n\n<div class=\"kksr-icon\" style=\"width: 24px; height: 24px;\"><\/div>\n        <\/div>\n            <div class=\"kksr-star\" data-star=\"5\" style=\"padding-right: 5px\">\n            \n\n<div class=\"kksr-icon\" style=\"width: 24px; height: 24px;\"><\/div>\n        <\/div>\n    <\/div>\n    \n<div class=\"kksr-stars-active\" style=\"width: 142.5px;\">\n            <div class=\"kksr-star\" style=\"padding-right: 5px\">\n            \n\n<div class=\"kksr-icon\" style=\"width: 24px; height: 24px;\"><\/div>\n        <\/div>\n            <div class=\"kksr-star\" style=\"padding-right: 5px\">\n            \n\n<div class=\"kksr-icon\" style=\"width: 24px; height: 24px;\"><\/div>\n        <\/div>\n            <div class=\"kksr-star\" style=\"padding-right: 5px\">\n            \n\n<div class=\"kksr-icon\" style=\"width: 24px; height: 24px;\"><\/div>\n        <\/div>\n            <div class=\"kksr-star\" style=\"padding-right: 5px\">\n            \n\n<div class=\"kksr-icon\" style=\"width: 24px; height: 24px;\"><\/div>\n        <\/div>\n            <div class=\"kksr-star\" style=\"padding-right: 5px\">\n            \n\n<div class=\"kksr-icon\" style=\"width: 24px; height: 24px;\"><\/div>\n        <\/div>\n    <\/div>\n<\/div>\n                \n\n<div class=\"kksr-legend\" style=\"font-size: 19.2px;\">\n            5\/5 - (4 b\u00ecnh ch\u1ecdn)    <\/div>\n    <\/div>\n","protected":false},"excerpt":{"rendered":"","protected":false},"author":3,"featured_media":0,"parent":0,"menu_order":0,"comment_status":"closed","ping_status":"closed","template":"page-blank-title-center.php","meta":{"footnotes":""},"class_list":["post-2491","page","type-page","status-publish","hentry"],"yoast_head":"<!-- This site is optimized with the Yoast SEO plugin v23.0 - https:\/\/yoast.com\/wordpress\/plugins\/seo\/ -->\n<title>Waxing \u0110\u00e0 N\u1eb5ng - Lev\u00e9nin Spa \u0110\u00e0 N\u1eb5ng<\/title>\n<meta name=\"description\" content=\"D\u1ecbch v\u1ee5 Waxing \u0110\u00e0 N\u1eb5ng Lev\u00e9nin Spa ra \u0111\u1eddi v\u1edbi s\u1ee9 m\u1ec7nh gi\u00fap kh\u00e1ch h\u00e0ng chinh ph\u1ee5c m\u1ecdi &quot;c\u1ecf d\u1ea1i&quot; kh\u00f4ng mong mu\u1ed1n tr\u00ean c\u01a1 th\u1ec3, kh\u00f4ng ch\u1ec9 gi\u00fap lo\u1ea1i b\u1ecf m\u00e0 c\u00f2n gi\u00fap s\u1edf h\u1eefu l\u00e0n da m\u1ecbn m\u00e0ng\" \/>\n<meta name=\"robots\" content=\"index, follow, max-snippet:-1, max-image-preview:large, max-video-preview:-1\" \/>\n<link rel=\"canonical\" href=\"https:\/\/leveninspa.com\/vi\/waxing-danang\/\" \/>\n<meta property=\"og:locale\" content=\"vi_VN\" \/>\n<meta property=\"og:type\" content=\"article\" \/>\n<meta property=\"og:title\" content=\"Waxing \u0110\u00e0 N\u1eb5ng - Lev\u00e9nin Spa \u0110\u00e0 N\u1eb5ng\" \/>\n<meta property=\"og:description\" content=\"D\u1ecbch v\u1ee5 Waxing \u0110\u00e0 N\u1eb5ng Lev\u00e9nin Spa ra \u0111\u1eddi v\u1edbi s\u1ee9 m\u1ec7nh gi\u00fap kh\u00e1ch h\u00e0ng chinh ph\u1ee5c m\u1ecdi &quot;c\u1ecf d\u1ea1i&quot; kh\u00f4ng mong mu\u1ed1n tr\u00ean c\u01a1 th\u1ec3, kh\u00f4ng ch\u1ec9 gi\u00fap lo\u1ea1i b\u1ecf m\u00e0 c\u00f2n gi\u00fap s\u1edf h\u1eefu l\u00e0n da m\u1ecbn m\u00e0ng\" \/>\n<meta property=\"og:url\" content=\"https:\/\/leveninspa.com\/vi\/waxing-danang\/\" \/>\n<meta property=\"og:site_name\" content=\"Lev\u00e9nin Spa \u0110\u00e0 N\u1eb5ng\" \/>\n<meta property=\"article:modified_time\" content=\"2024-03-25T08:25:52+00:00\" \/>\n<meta property=\"og:image\" content=\"https:\/\/leveninspa.com\/vi\/wp-content\/uploads\/2024\/01\/logo-300.png\" \/>\n\t<meta property=\"og:image:width\" content=\"300\" \/>\n\t<meta property=\"og:image:height\" content=\"62\" \/>\n\t<meta property=\"og:image:type\" content=\"image\/png\" \/>\n<meta name=\"twitter:card\" content=\"summary_large_image\" \/>\n<meta name=\"twitter:label1\" content=\"\u01af\u1edbc t\u00ednh th\u1eddi gian \u0111\u1ecdc\" \/>\n\t<meta name=\"twitter:data1\" content=\"2 ph\u00fat\" \/>\n<script type=\"application\/ld+json\" class=\"yoast-schema-graph\">{\"@context\":\"https:\/\/schema.org\",\"@graph\":[{\"@type\":\"WebPage\",\"@id\":\"https:\/\/leveninspa.com\/vi\/waxing-danang\/\",\"url\":\"https:\/\/leveninspa.com\/vi\/waxing-danang\/\",\"name\":\"Waxing \u0110\u00e0 N\u1eb5ng - Lev\u00e9nin Spa \u0110\u00e0 N\u1eb5ng\",\"isPartOf\":{\"@id\":\"https:\/\/leveninspa.com\/vi\/#website\"},\"datePublished\":\"2024-01-31T07:41:53+00:00\",\"dateModified\":\"2024-03-25T08:25:52+00:00\",\"description\":\"D\u1ecbch v\u1ee5 Waxing \u0110\u00e0 N\u1eb5ng Lev\u00e9nin Spa ra \u0111\u1eddi v\u1edbi s\u1ee9 m\u1ec7nh gi\u00fap kh\u00e1ch h\u00e0ng chinh ph\u1ee5c m\u1ecdi \\\"c\u1ecf d\u1ea1i\\\" kh\u00f4ng mong mu\u1ed1n tr\u00ean c\u01a1 th\u1ec3, kh\u00f4ng ch\u1ec9 gi\u00fap lo\u1ea1i b\u1ecf m\u00e0 c\u00f2n gi\u00fap s\u1edf h\u1eefu l\u00e0n da m\u1ecbn m\u00e0ng\",\"breadcrumb\":{\"@id\":\"https:\/\/leveninspa.com\/vi\/waxing-danang\/#breadcrumb\"},\"inLanguage\":\"vi\",\"potentialAction\":[{\"@type\":\"ReadAction\",\"target\":[\"https:\/\/leveninspa.com\/vi\/waxing-danang\/\"]}]},{\"@type\":\"BreadcrumbList\",\"@id\":\"https:\/\/leveninspa.com\/vi\/waxing-danang\/#breadcrumb\",\"itemListElement\":[{\"@type\":\"ListItem\",\"position\":1,\"name\":\"Home\",\"item\":\"https:\/\/leveninspa.com\/vi\/\"},{\"@type\":\"ListItem\",\"position\":2,\"name\":\"Waxing \u0110\u00e0 N\u1eb5ng\"}]},{\"@type\":\"WebSite\",\"@id\":\"https:\/\/leveninspa.com\/vi\/#website\",\"url\":\"https:\/\/leveninspa.com\/vi\/\",\"name\":\"Lev\u00e9nin Spa \u0110\u00e0 N\u1eb5ng\",\"description\":\"Lev\u00e9nin Spa \u0110\u00e0 N\u1eb5ng\",\"publisher\":{\"@id\":\"https:\/\/leveninspa.com\/vi\/#\/schema\/person\/4ebe4a837f75c2af8945f351036f07e8\"},\"potentialAction\":[{\"@type\":\"SearchAction\",\"target\":{\"@type\":\"EntryPoint\",\"urlTemplate\":\"https:\/\/leveninspa.com\/vi\/?s={search_term_string}\"},\"query-input\":\"required name=search_term_string\"}],\"inLanguage\":\"vi\"},{\"@type\":[\"Person\",\"Organization\"],\"@id\":\"https:\/\/leveninspa.com\/vi\/#\/schema\/person\/4ebe4a837f75c2af8945f351036f07e8\",\"name\":\"Levenin Spa\",\"image\":{\"@type\":\"ImageObject\",\"inLanguage\":\"vi\",\"@id\":\"https:\/\/leveninspa.com\/vi\/#\/schema\/person\/image\/\",\"url\":\"https:\/\/leveninspa.com\/vi\/wp-content\/uploads\/2024\/01\/logo-300.png\",\"contentUrl\":\"https:\/\/leveninspa.com\/vi\/wp-content\/uploads\/2024\/01\/logo-300.png\",\"width\":300,\"height\":62,\"caption\":\"Levenin Spa\"},\"logo\":{\"@id\":\"https:\/\/leveninspa.com\/vi\/#\/schema\/person\/image\/\"}}]}<\/script>\n<!-- \/ Yoast SEO plugin. -->","yoast_head_json":{"title":"Waxing \u0110\u00e0 N\u1eb5ng - Lev\u00e9nin Spa \u0110\u00e0 N\u1eb5ng","description":"D\u1ecbch v\u1ee5 Waxing \u0110\u00e0 N\u1eb5ng Lev\u00e9nin Spa ra \u0111\u1eddi v\u1edbi s\u1ee9 m\u1ec7nh gi\u00fap kh\u00e1ch h\u00e0ng chinh ph\u1ee5c m\u1ecdi \"c\u1ecf d\u1ea1i\" kh\u00f4ng mong mu\u1ed1n tr\u00ean c\u01a1 th\u1ec3, kh\u00f4ng ch\u1ec9 gi\u00fap lo\u1ea1i b\u1ecf m\u00e0 c\u00f2n gi\u00fap s\u1edf h\u1eefu l\u00e0n da m\u1ecbn m\u00e0ng","robots":{"index":"index","follow":"follow","max-snippet":"max-snippet:-1","max-image-preview":"max-image-preview:large","max-video-preview":"max-video-preview:-1"},"canonical":"https:\/\/leveninspa.com\/vi\/waxing-danang\/","og_locale":"vi_VN","og_type":"article","og_title":"Waxing \u0110\u00e0 N\u1eb5ng - Lev\u00e9nin Spa \u0110\u00e0 N\u1eb5ng","og_description":"D\u1ecbch v\u1ee5 Waxing \u0110\u00e0 N\u1eb5ng Lev\u00e9nin Spa ra \u0111\u1eddi v\u1edbi s\u1ee9 m\u1ec7nh gi\u00fap kh\u00e1ch h\u00e0ng chinh ph\u1ee5c m\u1ecdi \"c\u1ecf d\u1ea1i\" kh\u00f4ng mong mu\u1ed1n tr\u00ean c\u01a1 th\u1ec3, kh\u00f4ng ch\u1ec9 gi\u00fap lo\u1ea1i b\u1ecf m\u00e0 c\u00f2n gi\u00fap s\u1edf h\u1eefu l\u00e0n da m\u1ecbn m\u00e0ng","og_url":"https:\/\/leveninspa.com\/vi\/waxing-danang\/","og_site_name":"Lev\u00e9nin Spa \u0110\u00e0 N\u1eb5ng","article_modified_time":"2024-03-25T08:25:52+00:00","og_image":[{"width":300,"height":62,"url":"https:\/\/leveninspa.com\/vi\/wp-content\/uploads\/2024\/01\/logo-300.png","type":"image\/png"}],"twitter_card":"summary_large_image","twitter_misc":{"\u01af\u1edbc t\u00ednh th\u1eddi gian \u0111\u1ecdc":"2 ph\u00fat"},"schema":{"@context":"https:\/\/schema.org","@graph":[{"@type":"WebPage","@id":"https:\/\/leveninspa.com\/vi\/waxing-danang\/","url":"https:\/\/leveninspa.com\/vi\/waxing-danang\/","name":"Waxing \u0110\u00e0 N\u1eb5ng - Lev\u00e9nin Spa \u0110\u00e0 N\u1eb5ng","isPartOf":{"@id":"https:\/\/leveninspa.com\/vi\/#website"},"datePublished":"2024-01-31T07:41:53+00:00","dateModified":"2024-03-25T08:25:52+00:00","description":"D\u1ecbch v\u1ee5 Waxing \u0110\u00e0 N\u1eb5ng Lev\u00e9nin Spa ra \u0111\u1eddi v\u1edbi s\u1ee9 m\u1ec7nh gi\u00fap kh\u00e1ch h\u00e0ng chinh ph\u1ee5c m\u1ecdi \"c\u1ecf d\u1ea1i\" kh\u00f4ng mong mu\u1ed1n tr\u00ean c\u01a1 th\u1ec3, kh\u00f4ng ch\u1ec9 gi\u00fap lo\u1ea1i b\u1ecf m\u00e0 c\u00f2n gi\u00fap s\u1edf h\u1eefu l\u00e0n da m\u1ecbn m\u00e0ng","breadcrumb":{"@id":"https:\/\/leveninspa.com\/vi\/waxing-danang\/#breadcrumb"},"inLanguage":"vi","potentialAction":[{"@type":"ReadAction","target":["https:\/\/leveninspa.com\/vi\/waxing-danang\/"]}]},{"@type":"BreadcrumbList","@id":"https:\/\/leveninspa.com\/vi\/waxing-danang\/#breadcrumb","itemListElement":[{"@type":"ListItem","position":1,"name":"Home","item":"https:\/\/leveninspa.com\/vi\/"},{"@type":"ListItem","position":2,"name":"Waxing \u0110\u00e0 N\u1eb5ng"}]},{"@type":"WebSite","@id":"https:\/\/leveninspa.com\/vi\/#website","url":"https:\/\/leveninspa.com\/vi\/","name":"Lev\u00e9nin Spa \u0110\u00e0 N\u1eb5ng","description":"Lev\u00e9nin Spa \u0110\u00e0 N\u1eb5ng","publisher":{"@id":"https:\/\/leveninspa.com\/vi\/#\/schema\/person\/4ebe4a837f75c2af8945f351036f07e8"},"potentialAction":[{"@type":"SearchAction","target":{"@type":"EntryPoint","urlTemplate":"https:\/\/leveninspa.com\/vi\/?s={search_term_string}"},"query-input":"required name=search_term_string"}],"inLanguage":"vi"},{"@type":["Person","Organization"],"@id":"https:\/\/leveninspa.com\/vi\/#\/schema\/person\/4ebe4a837f75c2af8945f351036f07e8","name":"Levenin Spa","image":{"@type":"ImageObject","inLanguage":"vi","@id":"https:\/\/leveninspa.com\/vi\/#\/schema\/person\/image\/","url":"https:\/\/leveninspa.com\/vi\/wp-content\/uploads\/2024\/01\/logo-300.png","contentUrl":"https:\/\/leveninspa.com\/vi\/wp-content\/uploads\/2024\/01\/logo-300.png","width":300,"height":62,"caption":"Levenin Spa"},"logo":{"@id":"https:\/\/leveninspa.com\/vi\/#\/schema\/person\/image\/"}}]}},"_links":{"self":[{"href":"https:\/\/leveninspa.com\/vi\/wp-json\/wp\/v2\/pages\/2491"}],"collection":[{"href":"https:\/\/leveninspa.com\/vi\/wp-json\/wp\/v2\/pages"}],"about":[{"href":"https:\/\/leveninspa.com\/vi\/wp-json\/wp\/v2\/types\/page"}],"author":[{"embeddable":true,"href":"https:\/\/leveninspa.com\/vi\/wp-json\/wp\/v2\/users\/3"}],"replies":[{"embeddable":true,"href":"https:\/\/leveninspa.com\/vi\/wp-json\/wp\/v2\/comments?post=2491"}],"version-history":[{"count":0,"href":"https:\/\/leveninspa.com\/vi\/wp-json\/wp\/v2\/pages\/2491\/revisions"}],"wp:attachment":[{"href":"https:\/\/leveninspa.com\/vi\/wp-json\/wp\/v2\/media?parent=2491"}],"curies":[{"name":"wp","href":"https:\/\/api.w.org\/{rel}","templated":true}]}}