{"id":2592,"date":"2024-01-31T14:44:39","date_gmt":"2024-01-31T07:44:39","guid":{"rendered":"https:\/\/leveninspa.com\/?page_id=2592"},"modified":"2024-01-31T14:44:39","modified_gmt":"2024-01-31T07:44:39","slug":"tay-te-bao-chet","status":"publish","type":"page","link":"https:\/\/leveninspa.com\/vi\/tay-te-bao-chet\/","title":{"rendered":"T\u1ea9y t\u1ebf b\u00e0o ch\u1ebft to\u00e0n th\u00e2n"},"content":{"rendered":"\n\t<section class=\"section\" id=\"section_316479260\">\n\t\t<div class=\"section-bg fill\" >\n\t\t\t\t\t\t\t\t\t\n\t\t\t\n\n\t\t<\/div>\n\n\t\t\n\n\t\t<div class=\"section-content relative\">\n\t\t\t\n<div class=\"row\"  id=\"row-443036150\">\n\n\t<div id=\"col-1715398879\" class=\"col small-12 large-12\"  >\n\t\t\t\t<div class=\"col-inner text-center\"  >\n\t\t\t\n\t\t\t\n\t<div id=\"text-1242554610\" class=\"text\">\n\t\t\n<p><strong>BODY SCRUB\u00a0<\/strong><\/p>\n\t\t\n<style>\n#text-1242554610 {\n  font-size: 1.55rem;\n  line-height: 0.75;\n  text-align: center;\n  color: #5f2d00;\n}\n#text-1242554610 > * {\n  color: #5f2d00;\n}\n<\/style>\n\t<\/div>\n\t\n\t\t<\/div>\n\t\t\t\t\t<\/div>\n\n\t\n<\/div>\n\t<div id=\"gap-1486616595\" class=\"gap-element clearfix\" style=\"display:block; height:auto;\">\n\t\t\n<style>\n#gap-1486616595 {\n  padding-top: 30px;\n}\n<\/style>\n\t<\/div>\n\t\n\n  \n    <div class=\"row large-columns-4 medium-columns-1 small-columns-1 has-shadow row-box-shadow-1\" >\n  <div class=\"col post-item\" >\n\t\t\t<div class=\"col-inner\">\n\t\t\t\t<div class=\"box box-normal box-text-bottom box-blog-post has-hover\">\n            \t\t\t\t\t<div class=\"box-image\" >\n  \t\t\t\t\t\t<div class=\"image-cover\" style=\"padding-top:100%;\">\n\t\t\t\t\t\t\t<a href=\"https:\/\/leveninspa.com\/vi\/tay-te-bao-chet-toan-than-voi-dau-oai-huong-duong-the\/\" class=\"plain\" aria-label=\"T\u1ea9y t\u1ebf b\u00e0o ch\u1ebft to\u00e0n th\u00e2n v\u1edbi d\u1ea7u o\u1ea3i h\u01b0\u01a1ng k\u1ebft h\u1ee3p d\u01b0\u1ee1ng th\u1ec3\">\n\t\t\t\t\t\t\t\t<img loading=\"lazy\" decoding=\"async\" width=\"539\" height=\"340\" src=\"https:\/\/leveninspa.com\/vi\/wp-content\/uploads\/2023\/02\/tay-te-bao-chet-toan-than-voi-dau-oai-huong-duong-the.jpg\" class=\"attachment-medium size-medium wp-post-image\" alt=\"C\u00e1c b\u01b0\u1edbc th\u1ef1c hi\u1ec7n t\u1ea9y t\u1ebf b\u00e0o ch\u1ebft to\u00e0n th\u00e2n\" \/>\t\t\t\t\t\t\t<\/a>\n  \t\t\t\t\t\t\t  \t\t\t\t\t\t\t  \t\t\t\t\t\t<\/div>\n  \t\t\t\t\t\t  \t\t\t\t\t<\/div>\n          \t\t\t\t\t<div class=\"box-text text-left\" >\n\t\t\t\t\t<div class=\"box-text-inner blog-post-inner\">\n\n\t\t\t\t\t\n\t\t\t\t\t\t\t\t\t\t<h5 class=\"post-title is-large \">\n\t\t\t\t\t\t<a href=\"https:\/\/leveninspa.com\/vi\/tay-te-bao-chet-toan-than-voi-dau-oai-huong-duong-the\/\" class=\"plain\">T\u1ea9y t\u1ebf b\u00e0o ch\u1ebft to\u00e0n th\u00e2n v\u1edbi d\u1ea7u o\u1ea3i h\u01b0\u01a1ng k\u1ebft h\u1ee3p d\u01b0\u1ee1ng th\u1ec3<\/a>\n\t\t\t\t\t<\/h5>\n\t\t\t\t\t\t\t\t\t\t<div class=\"is-divider\"><\/div>\n\t\t\t\t\t\t\t\t\t\t<p class=\"from_the_blog_excerpt \">\n\t\t\t\t\t\tT\u1ea9y t\u1ebf b\u00e0o ch\u1ebft to\u00e0n th\u00e2n v\u1edbi d\u1ea7u o\u1ea3i [...]\t\t\t\t\t<\/p>\n\t\t\t\t\t                    \n\t\t\t\t\t\n\t\t\t\t\t\n\t\t\t\t\t<\/div>\n\t\t\t\t\t<\/div>\n\t\t\t\t\t\t\t\t\t<\/div>\n\t\t\t<\/div>\n\t\t<\/div><div class=\"col post-item\" >\n\t\t\t<div class=\"col-inner\">\n\t\t\t\t<div class=\"box box-normal box-text-bottom box-blog-post has-hover\">\n            \t\t\t\t\t<div class=\"box-image\" >\n  \t\t\t\t\t\t<div class=\"image-cover\" style=\"padding-top:100%;\">\n\t\t\t\t\t\t\t<a href=\"https:\/\/leveninspa.com\/vi\/tay-te-bao-chet-toan-than-voi-sua-gao-duong-the\/\" class=\"plain\" aria-label=\"T\u1ea9y t\u1ebf b\u00e0o ch\u1ebft to\u00e0n th\u00e2n v\u1edbi s\u1eefa g\u1ea1o k\u1ebft h\u1ee3p d\u01b0\u1ee1ng th\u1ec3\">\n\t\t\t\t\t\t\t\t<img loading=\"lazy\" decoding=\"async\" width=\"320\" height=\"400\" src=\"https:\/\/leveninspa.com\/vi\/wp-content\/uploads\/2023\/02\/thuc-hien-tay-te-bao-da-3.jpeg\" class=\"attachment-medium size-medium wp-post-image\" alt=\"Th\u1ef1c hi\u1ec7n t\u1ea9y t\u1ebf b\u00e0o ch\u1ebft\" \/>\t\t\t\t\t\t\t<\/a>\n  \t\t\t\t\t\t\t  \t\t\t\t\t\t\t  \t\t\t\t\t\t<\/div>\n  \t\t\t\t\t\t  \t\t\t\t\t<\/div>\n          \t\t\t\t\t<div class=\"box-text text-left\" >\n\t\t\t\t\t<div class=\"box-text-inner blog-post-inner\">\n\n\t\t\t\t\t\n\t\t\t\t\t\t\t\t\t\t<h5 class=\"post-title is-large \">\n\t\t\t\t\t\t<a href=\"https:\/\/leveninspa.com\/vi\/tay-te-bao-chet-toan-than-voi-sua-gao-duong-the\/\" class=\"plain\">T\u1ea9y t\u1ebf b\u00e0o ch\u1ebft to\u00e0n th\u00e2n v\u1edbi s\u1eefa g\u1ea1o k\u1ebft h\u1ee3p d\u01b0\u1ee1ng th\u1ec3<\/a>\n\t\t\t\t\t<\/h5>\n\t\t\t\t\t\t\t\t\t\t<div class=\"is-divider\"><\/div>\n\t\t\t\t\t\t\t\t\t\t<p class=\"from_the_blog_excerpt \">\n\t\t\t\t\t\tT\u1ea9y t\u1ebf b\u00e0o ch\u1ebft to\u00e0n th\u00e2n v\u1edbi s\u1eefa g\u1ea1o [...]\t\t\t\t\t<\/p>\n\t\t\t\t\t                    \n\t\t\t\t\t\n\t\t\t\t\t\n\t\t\t\t\t<\/div>\n\t\t\t\t\t<\/div>\n\t\t\t\t\t\t\t\t\t<\/div>\n\t\t\t<\/div>\n\t\t<\/div><\/div>\n\t\t<\/div>\n\n\t\t\n<style>\n#section_316479260 {\n  padding-top: 60px;\n  padding-bottom: 60px;\n  background-color: rgb(233, 217, 201);\n}\n<\/style>\n\t<\/section>\n\t\n\n\n<div class=\"kk-star-ratings kksr-auto kksr-align-left kksr-valign-bottom\"\n    data-payload='{&quot;align&quot;:&quot;left&quot;,&quot;id&quot;:&quot;2569&quot;,&quot;slug&quot;:&quot;default&quot;,&quot;valign&quot;:&quot;bottom&quot;,&quot;ignore&quot;:&quot;&quot;,&quot;reference&quot;:&quot;auto&quot;,&quot;class&quot;:&quot;&quot;,&quot;count&quot;:&quot;1&quot;,&quot;legendonly&quot;:&quot;&quot;,&quot;readonly&quot;:&quot;&quot;,&quot;score&quot;:&quot;5&quot;,&quot;starsonly&quot;:&quot;&quot;,&quot;best&quot;:&quot;5&quot;,&quot;gap&quot;:&quot;5&quot;,&quot;greet&quot;:&quot;Rate this post&quot;,&quot;legend&quot;:&quot;5\\\/5 - (1 b\u00ecnh ch\u1ecdn)&quot;,&quot;size&quot;:&quot;24&quot;,&quot;title&quot;:&quot;T\u1ea9y t\u1ebf b\u00e0o ch\u1ebft to\u00e0n th\u00e2n v\u1edbi s\u1eefa g\u1ea1o k\u1ebft h\u1ee3p d\u01b0\u1ee1ng th\u1ec3&quot;,&quot;width&quot;:&quot;142.5&quot;,&quot;_legend&quot;:&quot;{score}\\\/{best} - ({count} {votes})&quot;,&quot;font_factor&quot;:&quot;1.25&quot;}'>\n            \n<div class=\"kksr-stars\">\n    \n<div class=\"kksr-stars-inactive\">\n            <div class=\"kksr-star\" data-star=\"1\" style=\"padding-right: 5px\">\n            \n\n<div class=\"kksr-icon\" style=\"width: 24px; height: 24px;\"><\/div>\n        <\/div>\n            <div class=\"kksr-star\" data-star=\"2\" style=\"padding-right: 5px\">\n            \n\n<div class=\"kksr-icon\" style=\"width: 24px; height: 24px;\"><\/div>\n        <\/div>\n            <div class=\"kksr-star\" data-star=\"3\" style=\"padding-right: 5px\">\n            \n\n<div class=\"kksr-icon\" style=\"width: 24px; height: 24px;\"><\/div>\n        <\/div>\n            <div class=\"kksr-star\" data-star=\"4\" style=\"padding-right: 5px\">\n            \n\n<div class=\"kksr-icon\" style=\"width: 24px; height: 24px;\"><\/div>\n        <\/div>\n            <div class=\"kksr-star\" data-star=\"5\" style=\"padding-right: 5px\">\n            \n\n<div class=\"kksr-icon\" style=\"width: 24px; height: 24px;\"><\/div>\n        <\/div>\n    <\/div>\n    \n<div class=\"kksr-stars-active\" style=\"width: 142.5px;\">\n            <div class=\"kksr-star\" style=\"padding-right: 5px\">\n            \n\n<div class=\"kksr-icon\" style=\"width: 24px; height: 24px;\"><\/div>\n        <\/div>\n            <div class=\"kksr-star\" style=\"padding-right: 5px\">\n            \n\n<div class=\"kksr-icon\" style=\"width: 24px; height: 24px;\"><\/div>\n        <\/div>\n            <div class=\"kksr-star\" style=\"padding-right: 5px\">\n            \n\n<div class=\"kksr-icon\" style=\"width: 24px; height: 24px;\"><\/div>\n        <\/div>\n            <div class=\"kksr-star\" style=\"padding-right: 5px\">\n            \n\n<div class=\"kksr-icon\" style=\"width: 24px; height: 24px;\"><\/div>\n        <\/div>\n            <div class=\"kksr-star\" style=\"padding-right: 5px\">\n            \n\n<div class=\"kksr-icon\" style=\"width: 24px; height: 24px;\"><\/div>\n        <\/div>\n    <\/div>\n<\/div>\n                \n\n<div class=\"kksr-legend\" style=\"font-size: 19.2px;\">\n            5\/5 - (1 b\u00ecnh ch\u1ecdn)    <\/div>\n    <\/div>\n","protected":false},"excerpt":{"rendered":"","protected":false},"author":1,"featured_media":0,"parent":0,"menu_order":0,"comment_status":"closed","ping_status":"closed","template":"","meta":{"footnotes":""},"class_list":["post-2592","page","type-page","status-publish","hentry"],"yoast_head":"<!-- This site is optimized with the Yoast SEO plugin v23.0 - https:\/\/yoast.com\/wordpress\/plugins\/seo\/ -->\n<title>T\u1ea9y t\u1ebf b\u00e0o ch\u1ebft to\u00e0n th\u00e2n - Lev\u00e9nin Spa \u0110\u00e0 N\u1eb5ng<\/title>\n<meta name=\"robots\" content=\"index, follow, max-snippet:-1, max-image-preview:large, max-video-preview:-1\" \/>\n<link rel=\"canonical\" href=\"https:\/\/leveninspa.com\/vi\/tay-te-bao-chet\/\" \/>\n<meta property=\"og:locale\" content=\"vi_VN\" \/>\n<meta property=\"og:type\" content=\"article\" \/>\n<meta property=\"og:title\" content=\"T\u1ea9y t\u1ebf b\u00e0o ch\u1ebft to\u00e0n th\u00e2n - Lev\u00e9nin Spa \u0110\u00e0 N\u1eb5ng\" \/>\n<meta property=\"og:url\" content=\"https:\/\/leveninspa.com\/vi\/tay-te-bao-chet\/\" \/>\n<meta property=\"og:site_name\" content=\"Lev\u00e9nin Spa \u0110\u00e0 N\u1eb5ng\" \/>\n<meta property=\"og:image\" content=\"https:\/\/leveninspa.com\/vi\/wp-content\/uploads\/2024\/01\/logo-300.png\" \/>\n\t<meta property=\"og:image:width\" content=\"300\" \/>\n\t<meta property=\"og:image:height\" content=\"62\" \/>\n\t<meta property=\"og:image:type\" content=\"image\/png\" \/>\n<meta name=\"twitter:card\" content=\"summary_large_image\" \/>\n<script type=\"application\/ld+json\" class=\"yoast-schema-graph\">{\"@context\":\"https:\/\/schema.org\",\"@graph\":[{\"@type\":\"WebPage\",\"@id\":\"https:\/\/leveninspa.com\/vi\/tay-te-bao-chet\/\",\"url\":\"https:\/\/leveninspa.com\/vi\/tay-te-bao-chet\/\",\"name\":\"T\u1ea9y t\u1ebf b\u00e0o ch\u1ebft to\u00e0n th\u00e2n - Lev\u00e9nin Spa \u0110\u00e0 N\u1eb5ng\",\"isPartOf\":{\"@id\":\"https:\/\/leveninspa.com\/vi\/#website\"},\"datePublished\":\"2024-01-31T07:44:39+00:00\",\"dateModified\":\"2024-01-31T07:44:39+00:00\",\"breadcrumb\":{\"@id\":\"https:\/\/leveninspa.com\/vi\/tay-te-bao-chet\/#breadcrumb\"},\"inLanguage\":\"vi\",\"potentialAction\":[{\"@type\":\"ReadAction\",\"target\":[\"https:\/\/leveninspa.com\/vi\/tay-te-bao-chet\/\"]}]},{\"@type\":\"BreadcrumbList\",\"@id\":\"https:\/\/leveninspa.com\/vi\/tay-te-bao-chet\/#breadcrumb\",\"itemListElement\":[{\"@type\":\"ListItem\",\"position\":1,\"name\":\"Home\",\"item\":\"https:\/\/leveninspa.com\/vi\/\"},{\"@type\":\"ListItem\",\"position\":2,\"name\":\"T\u1ea9y t\u1ebf b\u00e0o ch\u1ebft to\u00e0n th\u00e2n\"}]},{\"@type\":\"WebSite\",\"@id\":\"https:\/\/leveninspa.com\/vi\/#website\",\"url\":\"https:\/\/leveninspa.com\/vi\/\",\"name\":\"Lev\u00e9nin Spa \u0110\u00e0 N\u1eb5ng\",\"description\":\"Lev\u00e9nin Spa \u0110\u00e0 N\u1eb5ng\",\"publisher\":{\"@id\":\"https:\/\/leveninspa.com\/vi\/#\/schema\/person\/4ebe4a837f75c2af8945f351036f07e8\"},\"potentialAction\":[{\"@type\":\"SearchAction\",\"target\":{\"@type\":\"EntryPoint\",\"urlTemplate\":\"https:\/\/leveninspa.com\/vi\/?s={search_term_string}\"},\"query-input\":\"required name=search_term_string\"}],\"inLanguage\":\"vi\"},{\"@type\":[\"Person\",\"Organization\"],\"@id\":\"https:\/\/leveninspa.com\/vi\/#\/schema\/person\/4ebe4a837f75c2af8945f351036f07e8\",\"name\":\"Levenin Spa\",\"image\":{\"@type\":\"ImageObject\",\"inLanguage\":\"vi\",\"@id\":\"https:\/\/leveninspa.com\/vi\/#\/schema\/person\/image\/\",\"url\":\"https:\/\/leveninspa.com\/vi\/wp-content\/uploads\/2024\/01\/logo-300.png\",\"contentUrl\":\"https:\/\/leveninspa.com\/vi\/wp-content\/uploads\/2024\/01\/logo-300.png\",\"width\":300,\"height\":62,\"caption\":\"Levenin Spa\"},\"logo\":{\"@id\":\"https:\/\/leveninspa.com\/vi\/#\/schema\/person\/image\/\"}}]}<\/script>\n<!-- \/ Yoast SEO plugin. -->","yoast_head_json":{"title":"T\u1ea9y t\u1ebf b\u00e0o ch\u1ebft to\u00e0n th\u00e2n - Lev\u00e9nin Spa \u0110\u00e0 N\u1eb5ng","robots":{"index":"index","follow":"follow","max-snippet":"max-snippet:-1","max-image-preview":"max-image-preview:large","max-video-preview":"max-video-preview:-1"},"canonical":"https:\/\/leveninspa.com\/vi\/tay-te-bao-chet\/","og_locale":"vi_VN","og_type":"article","og_title":"T\u1ea9y t\u1ebf b\u00e0o ch\u1ebft to\u00e0n th\u00e2n - Lev\u00e9nin Spa \u0110\u00e0 N\u1eb5ng","og_url":"https:\/\/leveninspa.com\/vi\/tay-te-bao-chet\/","og_site_name":"Lev\u00e9nin Spa \u0110\u00e0 N\u1eb5ng","og_image":[{"width":300,"height":62,"url":"https:\/\/leveninspa.com\/vi\/wp-content\/uploads\/2024\/01\/logo-300.png","type":"image\/png"}],"twitter_card":"summary_large_image","schema":{"@context":"https:\/\/schema.org","@graph":[{"@type":"WebPage","@id":"https:\/\/leveninspa.com\/vi\/tay-te-bao-chet\/","url":"https:\/\/leveninspa.com\/vi\/tay-te-bao-chet\/","name":"T\u1ea9y t\u1ebf b\u00e0o ch\u1ebft to\u00e0n th\u00e2n - Lev\u00e9nin Spa \u0110\u00e0 N\u1eb5ng","isPartOf":{"@id":"https:\/\/leveninspa.com\/vi\/#website"},"datePublished":"2024-01-31T07:44:39+00:00","dateModified":"2024-01-31T07:44:39+00:00","breadcrumb":{"@id":"https:\/\/leveninspa.com\/vi\/tay-te-bao-chet\/#breadcrumb"},"inLanguage":"vi","potentialAction":[{"@type":"ReadAction","target":["https:\/\/leveninspa.com\/vi\/tay-te-bao-chet\/"]}]},{"@type":"BreadcrumbList","@id":"https:\/\/leveninspa.com\/vi\/tay-te-bao-chet\/#breadcrumb","itemListElement":[{"@type":"ListItem","position":1,"name":"Home","item":"https:\/\/leveninspa.com\/vi\/"},{"@type":"ListItem","position":2,"name":"T\u1ea9y t\u1ebf b\u00e0o ch\u1ebft to\u00e0n th\u00e2n"}]},{"@type":"WebSite","@id":"https:\/\/leveninspa.com\/vi\/#website","url":"https:\/\/leveninspa.com\/vi\/","name":"Lev\u00e9nin Spa \u0110\u00e0 N\u1eb5ng","description":"Lev\u00e9nin Spa \u0110\u00e0 N\u1eb5ng","publisher":{"@id":"https:\/\/leveninspa.com\/vi\/#\/schema\/person\/4ebe4a837f75c2af8945f351036f07e8"},"potentialAction":[{"@type":"SearchAction","target":{"@type":"EntryPoint","urlTemplate":"https:\/\/leveninspa.com\/vi\/?s={search_term_string}"},"query-input":"required name=search_term_string"}],"inLanguage":"vi"},{"@type":["Person","Organization"],"@id":"https:\/\/leveninspa.com\/vi\/#\/schema\/person\/4ebe4a837f75c2af8945f351036f07e8","name":"Levenin Spa","image":{"@type":"ImageObject","inLanguage":"vi","@id":"https:\/\/leveninspa.com\/vi\/#\/schema\/person\/image\/","url":"https:\/\/leveninspa.com\/vi\/wp-content\/uploads\/2024\/01\/logo-300.png","contentUrl":"https:\/\/leveninspa.com\/vi\/wp-content\/uploads\/2024\/01\/logo-300.png","width":300,"height":62,"caption":"Levenin Spa"},"logo":{"@id":"https:\/\/leveninspa.com\/vi\/#\/schema\/person\/image\/"}}]}},"_links":{"self":[{"href":"https:\/\/leveninspa.com\/vi\/wp-json\/wp\/v2\/pages\/2592"}],"collection":[{"href":"https:\/\/leveninspa.com\/vi\/wp-json\/wp\/v2\/pages"}],"about":[{"href":"https:\/\/leveninspa.com\/vi\/wp-json\/wp\/v2\/types\/page"}],"author":[{"embeddable":true,"href":"https:\/\/leveninspa.com\/vi\/wp-json\/wp\/v2\/users\/1"}],"replies":[{"embeddable":true,"href":"https:\/\/leveninspa.com\/vi\/wp-json\/wp\/v2\/comments?post=2592"}],"version-history":[{"count":0,"href":"https:\/\/leveninspa.com\/vi\/wp-json\/wp\/v2\/pages\/2592\/revisions"}],"wp:attachment":[{"href":"https:\/\/leveninspa.com\/vi\/wp-json\/wp\/v2\/media?parent=2592"}],"curies":[{"name":"wp","href":"https:\/\/api.w.org\/{rel}","templated":true}]}}