{"id":3166,"date":"2024-03-02T12:24:16","date_gmt":"2024-03-02T05:24:16","guid":{"rendered":"https:\/\/leveninspa.com\/vi\/?page_id=3166"},"modified":"2024-03-18T10:43:13","modified_gmt":"2024-03-18T03:43:13","slug":"lien-he-levenin-spa","status":"publish","type":"page","link":"https:\/\/leveninspa.com\/vi\/lien-he-levenin-spa\/","title":{"rendered":"Li\u00ean h\u1ec7 Levenin Spa"},"content":{"rendered":"<div class=\"row row-collapse row-full-width\"  id=\"row-1562316449\">\n\n\t<div id=\"col-256052379\" class=\"col small-12 large-12\"  >\n\t\t\t\t<div class=\"col-inner\"  >\n\t\t\t\n\t\t\t\n\n\t<section class=\"section\" id=\"section_2047049429\">\n\t\t<div class=\"section-bg fill\" >\n\t\t\t\t\t\t\t\t\t<div class=\"section-bg-overlay absolute fill\"><\/div>\n\t\t\t\n\n\t\t<\/div>\n\n\t\t\n\n\t\t<div class=\"section-content relative\">\n\t\t\t\n<div class=\"row row-collapse align-center\" style=\"max-width:\" id=\"row-530148473\">\n\n\t<div id=\"col-2138593459\" class=\"col small-12 large-12\"  >\n\t\t\t\t<div class=\"col-inner text-center dark\"  >\n\t\t\t\n\t\t\t\n<h1><span style=\"font-size: 250%;\">Li\u00ean h\u1ec7<\/span><\/h1>\n<p class=\"lead\"><span style=\"font-size: 120%;\">G\u1eedi li\u00ean h\u1ec7 \u0111\u1ebfn Levenin Spa<\/span><\/p>\n\t\t<\/div>\n\t\t\t\t\n<style>\n#col-2138593459 > .col-inner {\n  padding: 100px 20px 200px 0px;\n}\n@media (min-width:550px) {\n  #col-2138593459 > .col-inner {\n    padding: 100px 0px 200px 0px;\n  }\n}\n<\/style>\n\t<\/div>\n\n\t\n<\/div>\n\t\t<\/div>\n\n\t\t\n<style>\n#section_2047049429 {\n  padding-top: 0px;\n  padding-bottom: 0px;\n  min-height: 0px;\n  background-color: #5f2d00;\n}\n#section_2047049429 .section-bg-overlay {\n  background-color: rgba(0, 0, 0, 0.12);\n}\n@media (min-width:550px) {\n  #section_2047049429 {\n    padding-top: 0px;\n    padding-bottom: 0px;\n  }\n  #section_2047049429 .section-bg-overlay {\n    background-color: rgba(0, 0, 0, 0.21);\n  }\n}\n@media (min-width:850px) {\n  #section_2047049429 {\n    padding-top: 100px;\n    padding-bottom: 100px;\n  }\n  #section_2047049429 .section-bg-overlay {\n    background-color: rgba(0, 0, 0, 0.12);\n  }\n}\n<\/style>\n\t<\/section>\n\t\n\t\t<\/div>\n\t\t\t\t\n<style>\n#col-256052379 > .col-inner {\n  padding: 0px 30px 0px 30px;\n}\n<\/style>\n\t<\/div>\n\n\t\n<\/div>\n<div class=\"row row-large\" style=\"max-width:1400px\" id=\"row-1915705275\">\n\n\t<div id=\"col-182427622\" class=\"col small-12 large-12\"  >\n\t\t\t\t<div class=\"col-inner\" style=\"background-color:rgb(255, 255, 255);\" >\n\t\t\t\n\t\t\t\n<div class=\"row row-collapse row-full-width\"  id=\"row-2035651270\">\n\n\t<div id=\"col-113565715\" class=\"col medium-12 small-12 large-6\"  >\n\t\t\t\t<div class=\"col-inner\"  >\n\t\t\t\n\t\t\t\n\t<div id=\"text-305687667\" class=\"text\">\n\t\t\n<h2><span style=\"font-size: 120%;\">Li\u00ean h\u1ec7 ch\u00fang t\u00f4i<\/span><\/h2>\n<p>B\u1ea1n c\u1ea7n \u0111\u1eb7t d\u1ecbch v\u1ee5 g\u1eedi th\u00f4ng tin cho ch\u00fang t\u00f4i ngay<\/p>\n\t\t\n<style>\n#text-305687667 {\n  color: #5f2d00;\n}\n#text-305687667 > * {\n  color: #5f2d00;\n}\n<\/style>\n\t<\/div>\n\t\n\t<div id=\"gap-2137555875\" class=\"gap-element clearfix\" style=\"display:block; height:auto;\">\n\t\t\n<style>\n#gap-2137555875 {\n  padding-top: 20px;\n}\n@media (min-width:550px) {\n  #gap-2137555875 {\n    padding-top: 20px;\n  }\n}\n@media (min-width:850px) {\n  #gap-2137555875 {\n    padding-top: 30px;\n  }\n}\n<\/style>\n\t<\/div>\n\t\n<div class=\"row\"  id=\"row-159704983\">\n\n\t<div id=\"col-837967199\" class=\"col medium-6 small-12 large-6\"  >\n\t\t\t\t<div class=\"col-inner\"  >\n\t\t\t\n\t\t\t\n\t<div class=\"img has-hover x md-x lg-x y md-y lg-y\" id=\"image_1960105614\">\n\t\t\t\t\t\t\t\t<div class=\"img-inner dark\" >\n\t\t\t<img loading=\"lazy\" decoding=\"async\" width=\"240\" height=\"240\" src=\"https:\/\/leveninspa.com\/vi\/wp-content\/uploads\/2024\/03\/dia-chi.png\" class=\"attachment-large size-large\" alt=\"\u0110\u1ecba ch\u1ec9\" \/>\t\t\t\t\t\t\n\t\t\t\t\t<\/div>\n\t\t\t\t\t\t\t\t\n<style>\n#image_1960105614 {\n  width: 15%;\n}\n@media (min-width:550px) {\n  #image_1960105614 {\n    width: 20%;\n  }\n}\n<\/style>\n\t<\/div>\n\t\n<h3 class=\"uppercase\">\u0110\u1ecba ch\u1ec9<\/h3>\n<p>231 D\u01b0\u01a1ng \u0110\u00ecnh Ngh\u1ec7 , S\u01a1n Tr\u00e0 , \u0110\u00e0 N\u1eb5ng<\/p>\n\t\t<\/div>\n\t\t\t\t\t<\/div>\n\n\t\n\n\t<div id=\"col-1823833760\" class=\"col medium-5 small-12 large-6\"  >\n\t\t\t\t<div class=\"col-inner\"  >\n\t\t\t\n\t\t\t\n\t<div class=\"img has-hover x md-x lg-x y md-y lg-y\" id=\"image_1213455272\">\n\t\t\t\t\t\t\t\t<div class=\"img-inner dark\" >\n\t\t\t<img loading=\"lazy\" decoding=\"async\" width=\"240\" height=\"240\" src=\"https:\/\/leveninspa.com\/vi\/wp-content\/uploads\/2024\/03\/gio-mo-cua.png\" class=\"attachment-large size-large\" alt=\"Gi\u1edd m\u1edf c\u1eeda\" \/>\t\t\t\t\t\t\n\t\t\t\t\t<\/div>\n\t\t\t\t\t\t\t\t\n<style>\n#image_1213455272 {\n  width: 15%;\n}\n@media (min-width:550px) {\n  #image_1213455272 {\n    width: 20%;\n  }\n}\n<\/style>\n\t<\/div>\n\t\n<h3 class=\"uppercase\">Gi\u1edd m\u1edf c\u1eeda<\/h3>\n<p>Monday to Sunday: 8AM &#8211; 02AM<\/p>\n\t\t<\/div>\n\t\t\t\t\t<\/div>\n\n\t\n<\/div>\n<div class=\"row\"  id=\"row-52556082\">\n\n\t<div id=\"col-1923284613\" class=\"col medium-6 small-12 large-6\"  >\n\t\t\t\t<div class=\"col-inner\"  >\n\t\t\t\n\t\t\t\n\t<div class=\"img has-hover x md-x lg-x y md-y lg-y\" id=\"image_326483486\">\n\t\t\t\t\t\t\t\t<div class=\"img-inner dark\" >\n\t\t\t<img loading=\"lazy\" decoding=\"async\" width=\"240\" height=\"240\" src=\"https:\/\/leveninspa.com\/vi\/wp-content\/uploads\/2024\/03\/email.png\" class=\"attachment-large size-large\" alt=\"Email\" \/>\t\t\t\t\t\t\n\t\t\t\t\t<\/div>\n\t\t\t\t\t\t\t\t\n<style>\n#image_326483486 {\n  width: 15%;\n}\n@media (min-width:550px) {\n  #image_326483486 {\n    width: 20%;\n  }\n}\n<\/style>\n\t<\/div>\n\t\n<h3 class=\"uppercase\">E-mail<\/h3>\n<p>levenin2002@gmail.com<\/p>\n\t\t<\/div>\n\t\t\t\t\t<\/div>\n\n\t\n\n\t<div id=\"col-792768528\" class=\"col medium-6 small-12 large-6\"  >\n\t\t\t\t<div class=\"col-inner\"  >\n\t\t\t\n\t\t\t\n\t<div class=\"img has-hover x md-x lg-x y md-y lg-y\" id=\"image_1626349724\">\n\t\t\t\t\t\t\t\t<div class=\"img-inner dark\" >\n\t\t\t<img loading=\"lazy\" decoding=\"async\" width=\"240\" height=\"240\" src=\"https:\/\/leveninspa.com\/vi\/wp-content\/uploads\/2024\/03\/phone.png\" class=\"attachment-large size-large\" alt=\"Phone\" \/>\t\t\t\t\t\t\n\t\t\t\t\t<\/div>\n\t\t\t\t\t\t\t\t\n<style>\n#image_1626349724 {\n  width: 15%;\n}\n@media (min-width:550px) {\n  #image_1626349724 {\n    width: 20%;\n  }\n}\n<\/style>\n\t<\/div>\n\t\n<h3 class=\"uppercase\">phone<\/h3>\n<p>+84 794 510 520<\/p>\n\t\t<\/div>\n\t\t\t\t\t<\/div>\n\n\t\n<\/div>\n\t\t<\/div>\n\t\t\t\t\n<style>\n#col-113565715 > .col-inner {\n  padding: 0px 0px 0px 20px;\n}\n<\/style>\n\t<\/div>\n\n\t\n\n\t<div id=\"col-344998983\" class=\"col medium-12 small-12 large-6\"  >\n\t\t\t\t<div class=\"col-inner\"  >\n\t\t\t\n\t\t\t\n\t<div id=\"text-1356892006\" class=\"text\">\n\t\t\n<h2>G\u1eedi y\u00eau c\u1ea7u<\/h2>\n\t\t\n<style>\n#text-1356892006 {\n  color: #5f2d00;\n}\n#text-1356892006 > * {\n  color: #5f2d00;\n}\n<\/style>\n\t<\/div>\n\t\n\t<div id=\"gap-1437064472\" class=\"gap-element clearfix\" style=\"display:block; height:auto;\">\n\t\t\n<style>\n#gap-1437064472 {\n  padding-top: 20px;\n}\n@media (min-width:550px) {\n  #gap-1437064472 {\n    padding-top: 20px;\n  }\n}\n@media (min-width:850px) {\n  #gap-1437064472 {\n    padding-top: 30px;\n  }\n}\n<\/style>\n\t<\/div>\n\t\n\n<div class=\"wpcf7 no-js\" id=\"wpcf7-f6-o1\" lang=\"vi\" dir=\"ltr\">\n<div class=\"screen-reader-response\"><p role=\"status\" aria-live=\"polite\" aria-atomic=\"true\"><\/p> <ul><\/ul><\/div>\n<form action=\"\/vi\/wp-json\/wp\/v2\/pages\/3166#wpcf7-f6-o1\" method=\"post\" class=\"wpcf7-form init\" aria-label=\"Form li\u00ean h\u1ec7\" novalidate=\"novalidate\" data-status=\"init\">\n<div style=\"display: none;\">\n<input type=\"hidden\" name=\"_wpcf7\" value=\"6\" \/>\n<input type=\"hidden\" name=\"_wpcf7_version\" value=\"5.9.7\" \/>\n<input type=\"hidden\" name=\"_wpcf7_locale\" value=\"vi\" \/>\n<input type=\"hidden\" name=\"_wpcf7_unit_tag\" value=\"wpcf7-f6-o1\" \/>\n<input type=\"hidden\" name=\"_wpcf7_container_post\" value=\"0\" \/>\n<input type=\"hidden\" name=\"_wpcf7_posted_data_hash\" value=\"\" \/>\n<\/div>\n<p><label> Your name<br \/>\n<span class=\"wpcf7-form-control-wrap\" data-name=\"your-name\"><input size=\"40\" maxlength=\"400\" class=\"wpcf7-form-control wpcf7-text wpcf7-validates-as-required\" aria-required=\"true\" aria-invalid=\"false\" value=\"\" type=\"text\" name=\"your-name\" \/><\/span> <\/label><br \/>\n<label> Your phone<br \/>\n<span class=\"wpcf7-form-control-wrap\" data-name=\"number-284\"><input class=\"wpcf7-form-control wpcf7-number wpcf7-validates-as-required wpcf7-validates-as-number\" aria-required=\"true\" aria-invalid=\"false\" value=\"\" type=\"number\" name=\"number-284\" \/><\/span> <\/label>\n<\/p>\n<p><label> Your email<br \/>\n<span class=\"wpcf7-form-control-wrap\" data-name=\"your-email\"><input size=\"40\" maxlength=\"400\" class=\"wpcf7-form-control wpcf7-email wpcf7-validates-as-required wpcf7-text wpcf7-validates-as-email\" aria-required=\"true\" aria-invalid=\"false\" value=\"\" type=\"email\" name=\"your-email\" \/><\/span> <\/label>\n<\/p>\n<p><label> Subject<br \/>\n<span class=\"wpcf7-form-control-wrap\" data-name=\"your-subject\"><input size=\"40\" maxlength=\"400\" class=\"wpcf7-form-control wpcf7-text wpcf7-validates-as-required\" aria-required=\"true\" aria-invalid=\"false\" value=\"\" type=\"text\" name=\"your-subject\" \/><\/span> <\/label>\n<\/p>\n<p><label> Your message (optional)<br \/>\n<span class=\"wpcf7-form-control-wrap\" data-name=\"your-message\"><textarea cols=\"40\" rows=\"10\" maxlength=\"2000\" class=\"wpcf7-form-control wpcf7-textarea\" aria-invalid=\"false\" name=\"your-message\"><\/textarea><\/span> <\/label>\n<\/p>\n<p><input class=\"wpcf7-form-control wpcf7-submit has-spinner\" type=\"submit\" value=\"Submit\" \/>\n<\/p><div class=\"wpcf7-response-output\" aria-hidden=\"true\"><\/div>\n<\/form>\n<\/div>\n\n\t\t<\/div>\n\t\t\t\t\t<\/div>\n\n\t\n\n<style>\n#row-2035651270 > .col > .col-inner {\n  padding: 0px 15px 0px 15px;\n}\n<\/style>\n<\/div>\n\t\t<\/div>\n\t\t\t\t\n<style>\n#col-182427622 > .col-inner {\n  padding: 50px 20px 0px 20px;\n  margin: -0 0px 0px 0px;\n}\n@media (min-width:550px) {\n  #col-182427622 > .col-inner {\n    padding: 50px 20px 30px 20px;\n    margin: 0 0px 0px 0px;\n  }\n}\n@media (min-width:850px) {\n  #col-182427622 > .col-inner {\n    padding: 66px 5% 16px 5%;\n    margin: -135px 0px 0px 0px;\n  }\n}\n<\/style>\n\t<\/div>\n\n\t\n<\/div>\n<div class=\"row row-collapse row-full-width\"  id=\"row-66422505\">\n\n\t<div id=\"col-1130790205\" class=\"col small-12 large-12\"  >\n\t\t\t\t<div class=\"col-inner\"  >\n\t\t\t\n\t\t\t\n<p><iframe loading=\"lazy\" style=\"border: 0;\" src=\"https:\/\/www.google.com\/maps\/embed?pb=!1m18!1m12!1m3!1d3833.9275929883374!2d108.23416151454833!3d16.06924674370643!2m3!1f0!2f0!3f0!3m2!1i1024!2i768!4f13.1!3m3!1m2!1s0x3142199118b7c65f%3A0x5cb31dd75efea97b!2sLevenin%20Spa%20Danang!5e0!3m2!1sen!2s!4v1672733804128!5m2!1sen!2s\" width=\"100%\" height=\"350\" allowfullscreen=\"allowfullscreen\"><\/iframe><\/p>\n\t\t<\/div>\n\t\t\t\t\n<style>\n#col-1130790205 > .col-inner {\n  padding: 0px 30px 0px 30px;\n}\n<\/style>\n\t<\/div>\n\n\t\n<\/div>\n","protected":false},"excerpt":{"rendered":"","protected":false},"author":3,"featured_media":0,"parent":0,"menu_order":0,"comment_status":"closed","ping_status":"closed","template":"","meta":{"footnotes":""},"class_list":["post-3166","page","type-page","status-publish","hentry"],"yoast_head":"<!-- This site is optimized with the Yoast SEO plugin v23.0 - https:\/\/yoast.com\/wordpress\/plugins\/seo\/ -->\n<title>Li\u00ean h\u1ec7 Levenin Spa - Lev\u00e9nin Spa \u0110\u00e0 N\u1eb5ng<\/title>\n<meta name=\"robots\" content=\"index, follow, max-snippet:-1, max-image-preview:large, max-video-preview:-1\" \/>\n<link rel=\"canonical\" href=\"https:\/\/leveninspa.com\/vi\/lien-he-levenin-spa\/\" \/>\n<meta property=\"og:locale\" content=\"vi_VN\" \/>\n<meta property=\"og:type\" content=\"article\" \/>\n<meta property=\"og:title\" content=\"Li\u00ean h\u1ec7 Levenin Spa - Lev\u00e9nin Spa \u0110\u00e0 N\u1eb5ng\" \/>\n<meta property=\"og:url\" content=\"https:\/\/leveninspa.com\/vi\/lien-he-levenin-spa\/\" \/>\n<meta property=\"og:site_name\" content=\"Lev\u00e9nin Spa \u0110\u00e0 N\u1eb5ng\" \/>\n<meta property=\"article:modified_time\" content=\"2024-03-18T03:43:13+00:00\" \/>\n<meta property=\"og:image\" content=\"https:\/\/leveninspa.com\/vi\/wp-content\/uploads\/2024\/01\/logo-300.png\" \/>\n\t<meta property=\"og:image:width\" content=\"300\" \/>\n\t<meta property=\"og:image:height\" content=\"62\" \/>\n\t<meta property=\"og:image:type\" content=\"image\/png\" \/>\n<meta name=\"twitter:card\" content=\"summary_large_image\" \/>\n<meta name=\"twitter:label1\" content=\"\u01af\u1edbc t\u00ednh th\u1eddi gian \u0111\u1ecdc\" \/>\n\t<meta name=\"twitter:data1\" content=\"2 ph\u00fat\" \/>\n<script type=\"application\/ld+json\" class=\"yoast-schema-graph\">{\"@context\":\"https:\/\/schema.org\",\"@graph\":[{\"@type\":\"WebPage\",\"@id\":\"https:\/\/leveninspa.com\/vi\/lien-he-levenin-spa\/\",\"url\":\"https:\/\/leveninspa.com\/vi\/lien-he-levenin-spa\/\",\"name\":\"Li\u00ean h\u1ec7 Levenin Spa - Lev\u00e9nin Spa \u0110\u00e0 N\u1eb5ng\",\"isPartOf\":{\"@id\":\"https:\/\/leveninspa.com\/vi\/#website\"},\"datePublished\":\"2024-03-02T05:24:16+00:00\",\"dateModified\":\"2024-03-18T03:43:13+00:00\",\"breadcrumb\":{\"@id\":\"https:\/\/leveninspa.com\/vi\/lien-he-levenin-spa\/#breadcrumb\"},\"inLanguage\":\"vi\",\"potentialAction\":[{\"@type\":\"ReadAction\",\"target\":[\"https:\/\/leveninspa.com\/vi\/lien-he-levenin-spa\/\"]}]},{\"@type\":\"BreadcrumbList\",\"@id\":\"https:\/\/leveninspa.com\/vi\/lien-he-levenin-spa\/#breadcrumb\",\"itemListElement\":[{\"@type\":\"ListItem\",\"position\":1,\"name\":\"Home\",\"item\":\"https:\/\/leveninspa.com\/vi\/\"},{\"@type\":\"ListItem\",\"position\":2,\"name\":\"Li\u00ean h\u1ec7 Levenin Spa\"}]},{\"@type\":\"WebSite\",\"@id\":\"https:\/\/leveninspa.com\/vi\/#website\",\"url\":\"https:\/\/leveninspa.com\/vi\/\",\"name\":\"Lev\u00e9nin Spa \u0110\u00e0 N\u1eb5ng\",\"description\":\"Lev\u00e9nin Spa \u0110\u00e0 N\u1eb5ng\",\"publisher\":{\"@id\":\"https:\/\/leveninspa.com\/vi\/#\/schema\/person\/4ebe4a837f75c2af8945f351036f07e8\"},\"potentialAction\":[{\"@type\":\"SearchAction\",\"target\":{\"@type\":\"EntryPoint\",\"urlTemplate\":\"https:\/\/leveninspa.com\/vi\/?s={search_term_string}\"},\"query-input\":\"required name=search_term_string\"}],\"inLanguage\":\"vi\"},{\"@type\":[\"Person\",\"Organization\"],\"@id\":\"https:\/\/leveninspa.com\/vi\/#\/schema\/person\/4ebe4a837f75c2af8945f351036f07e8\",\"name\":\"Levenin Spa\",\"image\":{\"@type\":\"ImageObject\",\"inLanguage\":\"vi\",\"@id\":\"https:\/\/leveninspa.com\/vi\/#\/schema\/person\/image\/\",\"url\":\"https:\/\/leveninspa.com\/vi\/wp-content\/uploads\/2024\/01\/logo-300.png\",\"contentUrl\":\"https:\/\/leveninspa.com\/vi\/wp-content\/uploads\/2024\/01\/logo-300.png\",\"width\":300,\"height\":62,\"caption\":\"Levenin Spa\"},\"logo\":{\"@id\":\"https:\/\/leveninspa.com\/vi\/#\/schema\/person\/image\/\"}}]}<\/script>\n<!-- \/ Yoast SEO plugin. -->","yoast_head_json":{"title":"Li\u00ean h\u1ec7 Levenin Spa - Lev\u00e9nin Spa \u0110\u00e0 N\u1eb5ng","robots":{"index":"index","follow":"follow","max-snippet":"max-snippet:-1","max-image-preview":"max-image-preview:large","max-video-preview":"max-video-preview:-1"},"canonical":"https:\/\/leveninspa.com\/vi\/lien-he-levenin-spa\/","og_locale":"vi_VN","og_type":"article","og_title":"Li\u00ean h\u1ec7 Levenin Spa - Lev\u00e9nin Spa \u0110\u00e0 N\u1eb5ng","og_url":"https:\/\/leveninspa.com\/vi\/lien-he-levenin-spa\/","og_site_name":"Lev\u00e9nin Spa \u0110\u00e0 N\u1eb5ng","article_modified_time":"2024-03-18T03:43:13+00:00","og_image":[{"width":300,"height":62,"url":"https:\/\/leveninspa.com\/vi\/wp-content\/uploads\/2024\/01\/logo-300.png","type":"image\/png"}],"twitter_card":"summary_large_image","twitter_misc":{"\u01af\u1edbc t\u00ednh th\u1eddi gian \u0111\u1ecdc":"2 ph\u00fat"},"schema":{"@context":"https:\/\/schema.org","@graph":[{"@type":"WebPage","@id":"https:\/\/leveninspa.com\/vi\/lien-he-levenin-spa\/","url":"https:\/\/leveninspa.com\/vi\/lien-he-levenin-spa\/","name":"Li\u00ean h\u1ec7 Levenin Spa - Lev\u00e9nin Spa \u0110\u00e0 N\u1eb5ng","isPartOf":{"@id":"https:\/\/leveninspa.com\/vi\/#website"},"datePublished":"2024-03-02T05:24:16+00:00","dateModified":"2024-03-18T03:43:13+00:00","breadcrumb":{"@id":"https:\/\/leveninspa.com\/vi\/lien-he-levenin-spa\/#breadcrumb"},"inLanguage":"vi","potentialAction":[{"@type":"ReadAction","target":["https:\/\/leveninspa.com\/vi\/lien-he-levenin-spa\/"]}]},{"@type":"BreadcrumbList","@id":"https:\/\/leveninspa.com\/vi\/lien-he-levenin-spa\/#breadcrumb","itemListElement":[{"@type":"ListItem","position":1,"name":"Home","item":"https:\/\/leveninspa.com\/vi\/"},{"@type":"ListItem","position":2,"name":"Li\u00ean h\u1ec7 Levenin Spa"}]},{"@type":"WebSite","@id":"https:\/\/leveninspa.com\/vi\/#website","url":"https:\/\/leveninspa.com\/vi\/","name":"Lev\u00e9nin Spa \u0110\u00e0 N\u1eb5ng","description":"Lev\u00e9nin Spa \u0110\u00e0 N\u1eb5ng","publisher":{"@id":"https:\/\/leveninspa.com\/vi\/#\/schema\/person\/4ebe4a837f75c2af8945f351036f07e8"},"potentialAction":[{"@type":"SearchAction","target":{"@type":"EntryPoint","urlTemplate":"https:\/\/leveninspa.com\/vi\/?s={search_term_string}"},"query-input":"required name=search_term_string"}],"inLanguage":"vi"},{"@type":["Person","Organization"],"@id":"https:\/\/leveninspa.com\/vi\/#\/schema\/person\/4ebe4a837f75c2af8945f351036f07e8","name":"Levenin Spa","image":{"@type":"ImageObject","inLanguage":"vi","@id":"https:\/\/leveninspa.com\/vi\/#\/schema\/person\/image\/","url":"https:\/\/leveninspa.com\/vi\/wp-content\/uploads\/2024\/01\/logo-300.png","contentUrl":"https:\/\/leveninspa.com\/vi\/wp-content\/uploads\/2024\/01\/logo-300.png","width":300,"height":62,"caption":"Levenin Spa"},"logo":{"@id":"https:\/\/leveninspa.com\/vi\/#\/schema\/person\/image\/"}}]}},"_links":{"self":[{"href":"https:\/\/leveninspa.com\/vi\/wp-json\/wp\/v2\/pages\/3166"}],"collection":[{"href":"https:\/\/leveninspa.com\/vi\/wp-json\/wp\/v2\/pages"}],"about":[{"href":"https:\/\/leveninspa.com\/vi\/wp-json\/wp\/v2\/types\/page"}],"author":[{"embeddable":true,"href":"https:\/\/leveninspa.com\/vi\/wp-json\/wp\/v2\/users\/3"}],"replies":[{"embeddable":true,"href":"https:\/\/leveninspa.com\/vi\/wp-json\/wp\/v2\/comments?post=3166"}],"version-history":[{"count":0,"href":"https:\/\/leveninspa.com\/vi\/wp-json\/wp\/v2\/pages\/3166\/revisions"}],"wp:attachment":[{"href":"https:\/\/leveninspa.com\/vi\/wp-json\/wp\/v2\/media?parent=3166"}],"curies":[{"name":"wp","href":"https:\/\/api.w.org\/{rel}","templated":true}]}}